{"id":11866,"date":"2025-08-23T23:42:04","date_gmt":"2025-08-24T03:42:04","guid":{"rendered":"https:\/\/www.boutiquemystik.com\/?post_type=product&#038;p=11866"},"modified":"2026-04-24T16:23:48","modified_gmt":"2026-04-24T20:23:48","slug":"vmvicky-ls-o-neck-button-cardigan-noos","status":"publish","type":"product","link":"https:\/\/www.boutiquemystik.com\/fr\/produit\/vmvicky-ls-o-neck-button-cardigan-noos\/","title":{"rendered":"VMVICKY LS O-NECK BUTTON CARDIGAN NOOS"},"content":{"rendered":"<pre class=\"ProductDetail-module__productDrawerInfo__k7MX5\" style=\"font-family:Inter,Arial,sans-serif;font-size:14px;margin:0px;padding:0px;font-style:normal;font-weight:400;letter-spacing:normal;text-transform:none;text-align:left\">That extra layer that effortlessly uplifts your look. This light cardigan is the perfect piece, ideal for layering or to stand out on its own. Style it with a pair of jeans for everyday options or go for a skirt and boots on days where you feel like dressing up.\n - Product Type : Knitted cardigan\n - Neck : Round Neck\n - Sleeve : Long sleeves\n - Cuffs : Ribbed cuffs\n - Closing : Button fastening\n - Fit : Regular Fit\nQuality description\nGender: Female\nManufacture: Flat Knit\nComposition: 52% Viscose LENZING&#x2122;ECOVERO&#x2122;, 28% Polyester, 20% Nylon\nSustainability description\nThe main material in this product contains a minimum of 50% LENZING&#x2122; ECOVERO&#x2122; branded viscose fibres using wood pulp sourced from sustainably managed forests and produced in a way that reduces environmental impact.<\/pre>","protected":false},"excerpt":{"rendered":"<p>cette couche suppl\u00e9mentaire sans effort qui rehausse votre look en toute simplicit\u00e9. Ce cardigan l\u00e9ger est la pi\u00e8ce parfait, id\u00e9al pour superposer ou pour se d\u00e9marquer avec son propre style. Portez-le avec une paire de jeans pour tenue d\u00e9contract\u00e9e au quotidien, ou  optez  pour une jupe et des bottes pour les jours o\u00f9 vous avez envie de vous habiller avec \u00e9l\u00e9gance.<\/p>","protected":false},"featured_media":11875,"comment_status":"open","ping_status":"closed","template":"","meta":{"_uag_custom_page_level_css":"","site-sidebar-layout":"default","site-content-layout":"","ast-site-content-layout":"default","site-content-style":"default","site-sidebar-style":"default","ast-global-header-display":"","ast-banner-title-visibility":"","ast-main-header-display":"","ast-hfb-above-header-display":"","ast-hfb-below-header-display":"","ast-hfb-mobile-header-display":"","site-post-title":"","ast-breadcrumbs-content":"","ast-featured-img":"","footer-sml-layout":"","ast-disable-related-posts":"","theme-transparent-header-meta":"","adv-header-id-meta":"","stick-header-meta":"","header-above-stick-meta":"","header-main-stick-meta":"","header-below-stick-meta":"","astra-migrate-meta-layouts":"default","ast-page-background-enabled":"default","ast-page-background-meta":{"desktop":{"background-color":"","background-image":"","background-repeat":"repeat","background-position":"center center","background-size":"auto","background-attachment":"scroll","background-type":"","background-media":"","overlay-type":"","overlay-color":"","overlay-opacity":"","overlay-gradient":""},"tablet":{"background-color":"","background-image":"","background-repeat":"repeat","background-position":"center center","background-size":"auto","background-attachment":"scroll","background-type":"","background-media":"","overlay-type":"","overlay-color":"","overlay-opacity":"","overlay-gradient":""},"mobile":{"background-color":"","background-image":"","background-repeat":"repeat","background-position":"center center","background-size":"auto","background-attachment":"scroll","background-type":"","background-media":"","overlay-type":"","overlay-color":"","overlay-opacity":"","overlay-gradient":""}},"ast-content-background-meta":{"desktop":{"background-color":"var(--ast-global-color-5)","background-image":"","background-repeat":"repeat","background-position":"center center","background-size":"auto","background-attachment":"scroll","background-type":"","background-media":"","overlay-type":"","overlay-color":"","overlay-opacity":"","overlay-gradient":""},"tablet":{"background-color":"var(--ast-global-color-5)","background-image":"","background-repeat":"repeat","background-position":"center center","background-size":"auto","background-attachment":"scroll","background-type":"","background-media":"","overlay-type":"","overlay-color":"","overlay-opacity":"","overlay-gradient":""},"mobile":{"background-color":"var(--ast-global-color-5)","background-image":"","background-repeat":"repeat","background-position":"center center","background-size":"auto","background-attachment":"scroll","background-type":"","background-media":"","overlay-type":"","overlay-color":"","overlay-opacity":"","overlay-gradient":""}},"advanced_seo_description":"","jetpack_seo_html_title":"","jetpack_seo_noindex":false},"product_brand":[],"product_cat":[44],"product_tag":[225,448],"class_list":{"0":"post-11866","1":"product","2":"type-product","3":"status-publish","4":"has-post-thumbnail","6":"product_cat-cardigans","7":"product_tag-casual","8":"product_tag-collection-3","9":"pa_size-large","10":"pa_size-medium","11":"pa_size-petit","12":"pa_size-extra-large","13":"pa_size-tres-petit","14":"desktop-align-left","15":"tablet-align-left","16":"mobile-align-left","18":"first","19":"instock","20":"taxable","21":"shipping-taxable","22":"purchasable","23":"product-type-variable"},"uagb_featured_image_src":{"full":["https:\/\/i0.wp.com\/www.boutiquemystik.com\/wp-content\/uploads\/2025\/08\/1000109636.jpg?fit=337%2C450&ssl=1",337,450,false],"thumbnail":["https:\/\/i0.wp.com\/www.boutiquemystik.com\/wp-content\/uploads\/2025\/08\/1000109636.jpg?resize=150%2C150&ssl=1",150,150,true],"medium":["https:\/\/i0.wp.com\/www.boutiquemystik.com\/wp-content\/uploads\/2025\/08\/1000109636.jpg?fit=225%2C300&ssl=1",225,300,true],"medium_large":["https:\/\/i0.wp.com\/www.boutiquemystik.com\/wp-content\/uploads\/2025\/08\/1000109636.jpg?fit=337%2C450&ssl=1",337,450,true],"large":["https:\/\/i0.wp.com\/www.boutiquemystik.com\/wp-content\/uploads\/2025\/08\/1000109636.jpg?fit=337%2C450&ssl=1",337,450,true],"1536x1536":["https:\/\/i0.wp.com\/www.boutiquemystik.com\/wp-content\/uploads\/2025\/08\/1000109636.jpg?fit=337%2C450&ssl=1",337,450,true],"2048x2048":["https:\/\/i0.wp.com\/www.boutiquemystik.com\/wp-content\/uploads\/2025\/08\/1000109636.jpg?fit=337%2C450&ssl=1",337,450,true],"trp-custom-language-flag":["https:\/\/i0.wp.com\/www.boutiquemystik.com\/wp-content\/uploads\/2025\/08\/1000109636.jpg?fit=9%2C12&ssl=1",9,12,true],"woocommerce_thumbnail":["https:\/\/i0.wp.com\/www.boutiquemystik.com\/wp-content\/uploads\/2025\/08\/1000109636.jpg?fit=300%2C401&ssl=1",300,401,true],"woocommerce_single":["https:\/\/i0.wp.com\/www.boutiquemystik.com\/wp-content\/uploads\/2025\/08\/1000109636.jpg?fit=337%2C450&ssl=1",337,450,true],"woocommerce_gallery_thumbnail":["https:\/\/i0.wp.com\/www.boutiquemystik.com\/wp-content\/uploads\/2025\/08\/1000109636.jpg?resize=100%2C100&ssl=1",100,100,true],"variation_swatches_image_size":["https:\/\/i0.wp.com\/www.boutiquemystik.com\/wp-content\/uploads\/2025\/08\/1000109636.jpg?resize=50%2C50&ssl=1",50,50,true],"variation_swatches_tooltip_size":["https:\/\/i0.wp.com\/www.boutiquemystik.com\/wp-content\/uploads\/2025\/08\/1000109636.jpg?resize=100%2C100&ssl=1",100,100,true]},"uagb_author_info":{"display_name":"Boutique Mystik","author_link":"https:\/\/www.boutiquemystik.com\/fr\/author\/"},"uagb_comment_info":0,"uagb_excerpt":"That extra layer that effortlessly uplifts your look. This light cardigan is the perfect piece, ideal for layering or to stand out on its own. Style it with a pair of jeans for everyday options or go for a skirt and boots on days where you feel like dressing up.","jetpack_sharing_enabled":true,"_links":{"self":[{"href":"https:\/\/www.boutiquemystik.com\/fr\/wp-json\/wp\/v2\/product\/11866","targetHints":{"allow":["GET"]}}],"collection":[{"href":"https:\/\/www.boutiquemystik.com\/fr\/wp-json\/wp\/v2\/product"}],"about":[{"href":"https:\/\/www.boutiquemystik.com\/fr\/wp-json\/wp\/v2\/types\/product"}],"replies":[{"embeddable":true,"href":"https:\/\/www.boutiquemystik.com\/fr\/wp-json\/wp\/v2\/comments?post=11866"}],"wp:featuredmedia":[{"embeddable":true,"href":"https:\/\/www.boutiquemystik.com\/fr\/wp-json\/wp\/v2\/media\/11875"}],"wp:attachment":[{"href":"https:\/\/www.boutiquemystik.com\/fr\/wp-json\/wp\/v2\/media?parent=11866"}],"wp:term":[{"taxonomy":"product_brand","embeddable":true,"href":"https:\/\/www.boutiquemystik.com\/fr\/wp-json\/wp\/v2\/product_brand?post=11866"},{"taxonomy":"product_cat","embeddable":true,"href":"https:\/\/www.boutiquemystik.com\/fr\/wp-json\/wp\/v2\/product_cat?post=11866"},{"taxonomy":"product_tag","embeddable":true,"href":"https:\/\/www.boutiquemystik.com\/fr\/wp-json\/wp\/v2\/product_tag?post=11866"}],"curies":[{"name":"wp","href":"https:\/\/api.w.org\/{rel}","templated":true}]}}