{"id":15102,"date":"2026-03-24T12:31:22","date_gmt":"2026-03-24T16:31:22","guid":{"rendered":"https:\/\/www.boutiquemystik.com\/?post_type=product&#038;p=15102"},"modified":"2026-04-17T15:45:40","modified_gmt":"2026-04-17T19:45:40","slug":"onlsiesta-3-4-open-lin-bl-blaze-tlr-noos","status":"publish","type":"product","link":"https:\/\/www.boutiquemystik.com\/fr\/produit\/onlsiesta-3-4-open-lin-bl-blaze-tlr-noos\/","title":{"rendered":"Blazer ouvert en lin ONLSIESTA manches 3\/4"},"content":{"rendered":"<p data-start=\"130\" data-end=\"437\">Chic sans effort et id\u00e9ale pour les tenues par temps chaud, cette veste blazer \u00e0 coupe ample est con\u00e7ue pour apporter une touche de sophistication \u00e0 votre garde-robe estivale. Confectionn\u00e9e dans un tissu tiss\u00e9 l\u00e9ger avec une subtile texture froiss\u00e9e, elle offre une sensation respirante et a\u00e9rienne \u2014 parfaite pour les journ\u00e9es ensoleill\u00e9es et les looks du quotidien \u00e9l\u00e9gants.<\/p>\n<p data-start=\"439\" data-end=\"734\">Dot\u00e9 d\u2019un col \u00e0 revers classique, de poignets boutonn\u00e9s et de poches pratiques \u00e0 l\u2019avant, ce blazer long allie une coupe tailleur intemporelle \u00e0 un confort d\u00e9contract\u00e9. Sa coupe ample tombe \u00e9l\u00e9gamment sur le corps, ce qui le rend facile \u00e0 superposer sur des robes, des hauts ou des tenues d\u00e9contract\u00e9es, aussi bien pour la journ\u00e9e que pour la soir\u00e9e.<\/p>\n<p data-start=\"736\" data-end=\"991\">Confectionn\u00e9 dans un m\u00e9lange doux et respirant de 80 % viscose et 20 % lin, il assure un confort tout au long de la journ\u00e9e tout en conservant une silhouette \u00e9l\u00e9gante et soign\u00e9e. Que vous vous rendiez \u00e0 un brunch, une r\u00e9union ou un \u00e9v\u00e9nement estival, ce blazer polyvalent est un incontournable du dressing.<\/p>","protected":false},"excerpt":{"rendered":"<p>Blazer ample, l\u00e9ger et respirant, avec une texture froiss\u00e9e. Con\u00e7u avec un col \u00e0 revers, des poignets boutonn\u00e9s et des poches \u00e0 l\u2019avant, c\u2019est la pi\u00e8ce id\u00e9ale \u00e0 superposer pour un style estival sans effort.<\/p>","protected":false},"featured_media":15114,"comment_status":"open","ping_status":"closed","template":"","meta":{"_uag_custom_page_level_css":"","site-sidebar-layout":"default","site-content-layout":"","ast-site-content-layout":"default","site-content-style":"default","site-sidebar-style":"default","ast-global-header-display":"","ast-banner-title-visibility":"","ast-main-header-display":"","ast-hfb-above-header-display":"","ast-hfb-below-header-display":"","ast-hfb-mobile-header-display":"","site-post-title":"","ast-breadcrumbs-content":"","ast-featured-img":"","footer-sml-layout":"","ast-disable-related-posts":"","theme-transparent-header-meta":"default","adv-header-id-meta":"","stick-header-meta":"","header-above-stick-meta":"","header-main-stick-meta":"","header-below-stick-meta":"","astra-migrate-meta-layouts":"set","ast-page-background-enabled":"default","ast-page-background-meta":{"desktop":{"background-color":"","background-image":"","background-repeat":"repeat","background-position":"center center","background-size":"auto","background-attachment":"scroll","background-type":"","background-media":"","overlay-type":"","overlay-color":"","overlay-opacity":"","overlay-gradient":""},"tablet":{"background-color":"","background-image":"","background-repeat":"repeat","background-position":"center center","background-size":"auto","background-attachment":"scroll","background-type":"","background-media":"","overlay-type":"","overlay-color":"","overlay-opacity":"","overlay-gradient":""},"mobile":{"background-color":"","background-image":"","background-repeat":"repeat","background-position":"center center","background-size":"auto","background-attachment":"scroll","background-type":"","background-media":"","overlay-type":"","overlay-color":"","overlay-opacity":"","overlay-gradient":""}},"ast-content-background-meta":{"desktop":{"background-color":"var(--ast-global-color-5)","background-image":"","background-repeat":"repeat","background-position":"center center","background-size":"auto","background-attachment":"scroll","background-type":"","background-media":"","overlay-type":"","overlay-color":"","overlay-opacity":"","overlay-gradient":""},"tablet":{"background-color":"var(--ast-global-color-5)","background-image":"","background-repeat":"repeat","background-position":"center center","background-size":"auto","background-attachment":"scroll","background-type":"","background-media":"","overlay-type":"","overlay-color":"","overlay-opacity":"","overlay-gradient":""},"mobile":{"background-color":"var(--ast-global-color-5)","background-image":"","background-repeat":"repeat","background-position":"center center","background-size":"auto","background-attachment":"scroll","background-type":"","background-media":"","overlay-type":"","overlay-color":"","overlay-opacity":"","overlay-gradient":""}},"advanced_seo_description":"","jetpack_seo_html_title":"","jetpack_seo_noindex":false},"product_brand":[213],"product_cat":[146],"product_tag":[225,245,544],"class_list":{"0":"post-15102","1":"product","2":"type-product","3":"status-publish","4":"has-post-thumbnail","6":"product_brand-only","7":"product_cat-blazers","8":"product_tag-casual","9":"product_tag-chic","10":"product_tag-collection-4","11":"pa_color-moonbeam","12":"pa_size-51","13":"pa_size-52","14":"pa_size-53","15":"pa_size-54","16":"pa_size-55","17":"desktop-align-left","18":"tablet-align-left","19":"mobile-align-left","21":"first","22":"instock","23":"taxable","24":"shipping-taxable","25":"purchasable","26":"product-type-variable","27":"has-default-attributes"},"uagb_featured_image_src":{"full":["https:\/\/i0.wp.com\/www.boutiquemystik.com\/wp-content\/uploads\/2026\/03\/dRKgRjXEZ9Swe_006.webp?fit=1350%2C1800&ssl=1",1350,1800,false],"thumbnail":["https:\/\/i0.wp.com\/www.boutiquemystik.com\/wp-content\/uploads\/2026\/03\/dRKgRjXEZ9Swe_006.webp?resize=150%2C150&ssl=1",150,150,true],"medium":["https:\/\/i0.wp.com\/www.boutiquemystik.com\/wp-content\/uploads\/2026\/03\/dRKgRjXEZ9Swe_006.webp?fit=225%2C300&ssl=1",225,300,true],"medium_large":["https:\/\/i0.wp.com\/www.boutiquemystik.com\/wp-content\/uploads\/2026\/03\/dRKgRjXEZ9Swe_006.webp?fit=768%2C1024&ssl=1",768,1024,true],"large":["https:\/\/i0.wp.com\/www.boutiquemystik.com\/wp-content\/uploads\/2026\/03\/dRKgRjXEZ9Swe_006.webp?fit=768%2C1024&ssl=1",768,1024,true],"1536x1536":["https:\/\/i0.wp.com\/www.boutiquemystik.com\/wp-content\/uploads\/2026\/03\/dRKgRjXEZ9Swe_006.webp?fit=1152%2C1536&ssl=1",1152,1536,true],"2048x2048":["https:\/\/i0.wp.com\/www.boutiquemystik.com\/wp-content\/uploads\/2026\/03\/dRKgRjXEZ9Swe_006.webp?fit=1350%2C1800&ssl=1",1350,1800,true],"trp-custom-language-flag":["https:\/\/i0.wp.com\/www.boutiquemystik.com\/wp-content\/uploads\/2026\/03\/dRKgRjXEZ9Swe_006.webp?fit=9%2C12&ssl=1",9,12,true],"woocommerce_thumbnail":["https:\/\/i0.wp.com\/www.boutiquemystik.com\/wp-content\/uploads\/2026\/03\/dRKgRjXEZ9Swe_006.webp?fit=300%2C400&ssl=1",300,400,true],"woocommerce_single":["https:\/\/i0.wp.com\/www.boutiquemystik.com\/wp-content\/uploads\/2026\/03\/dRKgRjXEZ9Swe_006.webp?fit=600%2C800&ssl=1",600,800,true],"woocommerce_gallery_thumbnail":["https:\/\/i0.wp.com\/www.boutiquemystik.com\/wp-content\/uploads\/2026\/03\/dRKgRjXEZ9Swe_006.webp?resize=100%2C100&ssl=1",100,100,true],"variation_swatches_image_size":["https:\/\/i0.wp.com\/www.boutiquemystik.com\/wp-content\/uploads\/2026\/03\/dRKgRjXEZ9Swe_006.webp?resize=50%2C50&ssl=1",50,50,true],"variation_swatches_tooltip_size":["https:\/\/i0.wp.com\/www.boutiquemystik.com\/wp-content\/uploads\/2026\/03\/dRKgRjXEZ9Swe_006.webp?resize=100%2C100&ssl=1",100,100,true]},"uagb_author_info":{"display_name":"Boutique Mystik","author_link":"https:\/\/www.boutiquemystik.com\/fr\/author\/"},"uagb_comment_info":0,"uagb_excerpt":"Lightweight and breathable loose-fit blazer with a crinkle texture. Designed with a reverse collar, buttoned cuffs, and front pockets, it\u2019s the perfect layering piece for effortless summer style.","jetpack_sharing_enabled":true,"_links":{"self":[{"href":"https:\/\/www.boutiquemystik.com\/fr\/wp-json\/wp\/v2\/product\/15102","targetHints":{"allow":["GET"]}}],"collection":[{"href":"https:\/\/www.boutiquemystik.com\/fr\/wp-json\/wp\/v2\/product"}],"about":[{"href":"https:\/\/www.boutiquemystik.com\/fr\/wp-json\/wp\/v2\/types\/product"}],"replies":[{"embeddable":true,"href":"https:\/\/www.boutiquemystik.com\/fr\/wp-json\/wp\/v2\/comments?post=15102"}],"wp:featuredmedia":[{"embeddable":true,"href":"https:\/\/www.boutiquemystik.com\/fr\/wp-json\/wp\/v2\/media\/15114"}],"wp:attachment":[{"href":"https:\/\/www.boutiquemystik.com\/fr\/wp-json\/wp\/v2\/media?parent=15102"}],"wp:term":[{"taxonomy":"product_brand","embeddable":true,"href":"https:\/\/www.boutiquemystik.com\/fr\/wp-json\/wp\/v2\/product_brand?post=15102"},{"taxonomy":"product_cat","embeddable":true,"href":"https:\/\/www.boutiquemystik.com\/fr\/wp-json\/wp\/v2\/product_cat?post=15102"},{"taxonomy":"product_tag","embeddable":true,"href":"https:\/\/www.boutiquemystik.com\/fr\/wp-json\/wp\/v2\/product_tag?post=15102"}],"curies":[{"name":"wp","href":"https:\/\/api.w.org\/{rel}","templated":true}]}}