{"id":15157,"date":"2026-03-31T11:27:49","date_gmt":"2026-03-31T15:27:49","guid":{"rendered":"https:\/\/www.boutiquemystik.com\/?post_type=product&#038;p=15157"},"modified":"2026-04-04T12:53:10","modified_gmt":"2026-04-04T16:53:10","slug":"button-up-vest","status":"publish","type":"product","link":"https:\/\/www.boutiquemystik.com\/fr\/produit\/button-up-vest\/","title":{"rendered":"Veste sans manches boutonn\u00e9e"},"content":{"rendered":"<p data-start=\"359\" data-end=\"738\">Ajoutez une touche de sophistication sans effort \u00e0 votre garde-robe avec ce gilet boutonn\u00e9. Con\u00e7u avec une coupe structur\u00e9e mais confortable, il pr\u00e9sente une fermeture classique \u00e0 boutons sur le devant qui renforce son allure intemporelle. Sa conception sans manches le rend id\u00e9al \u00e0 superposer sur des blouses, des chemises ou des tricots l\u00e9gers, tout en permettant de le porter seul pour une tenue audacieuse et contemporaine.<\/p>\n<p data-start=\"740\" data-end=\"1068\">Confectionn\u00e9 \u00e0 partir de mat\u00e9riaux de qualit\u00e9, ce gilet offre \u00e0 la fois durabilit\u00e9 et confort, le rendant id\u00e9al pour \u00eatre port\u00e9 toute la journ\u00e9e. Son design polyvalent s\u2019adapte facilement des looks d\u00e9contract\u00e9s de jour \u00e0 des tenues plus \u00e9l\u00e9gantes en soir\u00e9e. Associez-le \u00e0 un pantalon tailleur pour une allure raffin\u00e9e ou portez-le avec un jean pour un style d\u00e9contract\u00e9 mais sophistiqu\u00e9.<\/p>\n<p data-start=\"1070\" data-end=\"1183\" data-is-last-node=\"\" data-is-only-node=\"\">Un indispensable du dressing, ce gilet boutonn\u00e9 apporte une \u00e9l\u00e9gance moderne et une infinit\u00e9 de possibilit\u00e9s de style \u00e0 toute garde-robe.<\/p>\n<p data-start=\"1070\" data-end=\"1183\" data-is-last-node=\"\" data-is-only-node=\"\">Composition : 85% Rayon\u00a0 \u00a015% Linen<\/p>","protected":false},"excerpt":{"rendered":"<p data-start=\"121\" data-end=\"322\">Un gilet boutonn\u00e9 intemporel con\u00e7u pour sublimer toutes vos tenues. Dot\u00e9 d\u2019une silhouette \u00e9pur\u00e9e et structur\u00e9e, ce mod\u00e8le polyvalent est parfait \u00e0 superposer sur une chemise ou \u00e0 porter seul pour un look moderne et chic.<\/p>","protected":false},"featured_media":15165,"comment_status":"open","ping_status":"closed","template":"","meta":{"_uag_custom_page_level_css":"","site-sidebar-layout":"default","site-content-layout":"","ast-site-content-layout":"default","site-content-style":"default","site-sidebar-style":"default","ast-global-header-display":"","ast-banner-title-visibility":"","ast-main-header-display":"","ast-hfb-above-header-display":"","ast-hfb-below-header-display":"","ast-hfb-mobile-header-display":"","site-post-title":"","ast-breadcrumbs-content":"","ast-featured-img":"","footer-sml-layout":"","ast-disable-related-posts":"","theme-transparent-header-meta":"default","adv-header-id-meta":"","stick-header-meta":"","header-above-stick-meta":"","header-main-stick-meta":"","header-below-stick-meta":"","astra-migrate-meta-layouts":"set","ast-page-background-enabled":"default","ast-page-background-meta":{"desktop":{"background-color":"","background-image":"","background-repeat":"repeat","background-position":"center center","background-size":"auto","background-attachment":"scroll","background-type":"","background-media":"","overlay-type":"","overlay-color":"","overlay-opacity":"","overlay-gradient":""},"tablet":{"background-color":"","background-image":"","background-repeat":"repeat","background-position":"center center","background-size":"auto","background-attachment":"scroll","background-type":"","background-media":"","overlay-type":"","overlay-color":"","overlay-opacity":"","overlay-gradient":""},"mobile":{"background-color":"","background-image":"","background-repeat":"repeat","background-position":"center center","background-size":"auto","background-attachment":"scroll","background-type":"","background-media":"","overlay-type":"","overlay-color":"","overlay-opacity":"","overlay-gradient":""}},"ast-content-background-meta":{"desktop":{"background-color":"var(--ast-global-color-5)","background-image":"","background-repeat":"repeat","background-position":"center center","background-size":"auto","background-attachment":"scroll","background-type":"","background-media":"","overlay-type":"","overlay-color":"","overlay-opacity":"","overlay-gradient":""},"tablet":{"background-color":"var(--ast-global-color-5)","background-image":"","background-repeat":"repeat","background-position":"center center","background-size":"auto","background-attachment":"scroll","background-type":"","background-media":"","overlay-type":"","overlay-color":"","overlay-opacity":"","overlay-gradient":""},"mobile":{"background-color":"var(--ast-global-color-5)","background-image":"","background-repeat":"repeat","background-position":"center center","background-size":"auto","background-attachment":"scroll","background-type":"","background-media":"","overlay-type":"","overlay-color":"","overlay-opacity":"","overlay-gradient":""}},"advanced_seo_description":"","jetpack_seo_html_title":"","jetpack_seo_noindex":false},"product_brand":[212],"product_cat":[395],"product_tag":[245,544,25],"class_list":{"0":"post-15157","1":"product","2":"type-product","3":"status-publish","4":"has-post-thumbnail","6":"product_brand-dex","7":"product_cat-vests","8":"product_tag-chic","9":"product_tag-collection-4","10":"product_tag-dex","11":"pa_color-ecru","12":"pa_size-large","13":"pa_size-medium","14":"pa_size-petit","15":"pa_size-extra-large","16":"pa_size-tres-petit","17":"desktop-align-left","18":"tablet-align-left","19":"mobile-align-left","21":"first","22":"instock","23":"taxable","24":"shipping-taxable","25":"purchasable","26":"product-type-variable","27":"has-default-attributes"},"uagb_featured_image_src":{"full":["https:\/\/i0.wp.com\/www.boutiquemystik.com\/wp-content\/uploads\/2026\/03\/2723510_11119_04_CR.jpg?fit=1400%2C2200&ssl=1",1400,2200,false],"thumbnail":["https:\/\/i0.wp.com\/www.boutiquemystik.com\/wp-content\/uploads\/2026\/03\/2723510_11119_04_CR.jpg?resize=150%2C150&ssl=1",150,150,true],"medium":["https:\/\/i0.wp.com\/www.boutiquemystik.com\/wp-content\/uploads\/2026\/03\/2723510_11119_04_CR.jpg?fit=191%2C300&ssl=1",191,300,true],"medium_large":["https:\/\/i0.wp.com\/www.boutiquemystik.com\/wp-content\/uploads\/2026\/03\/2723510_11119_04_CR.jpg?fit=768%2C1207&ssl=1",768,1207,true],"large":["https:\/\/i0.wp.com\/www.boutiquemystik.com\/wp-content\/uploads\/2026\/03\/2723510_11119_04_CR.jpg?fit=652%2C1024&ssl=1",652,1024,true],"1536x1536":["https:\/\/i0.wp.com\/www.boutiquemystik.com\/wp-content\/uploads\/2026\/03\/2723510_11119_04_CR.jpg?fit=977%2C1536&ssl=1",977,1536,true],"2048x2048":["https:\/\/i0.wp.com\/www.boutiquemystik.com\/wp-content\/uploads\/2026\/03\/2723510_11119_04_CR.jpg?fit=1303%2C2048&ssl=1",1303,2048,true],"trp-custom-language-flag":["https:\/\/i0.wp.com\/www.boutiquemystik.com\/wp-content\/uploads\/2026\/03\/2723510_11119_04_CR.jpg?fit=8%2C12&ssl=1",8,12,true],"woocommerce_thumbnail":["https:\/\/i0.wp.com\/www.boutiquemystik.com\/wp-content\/uploads\/2026\/03\/2723510_11119_04_CR.jpg?fit=300%2C471&ssl=1",300,471,true],"woocommerce_single":["https:\/\/i0.wp.com\/www.boutiquemystik.com\/wp-content\/uploads\/2026\/03\/2723510_11119_04_CR.jpg?fit=600%2C943&ssl=1",600,943,true],"woocommerce_gallery_thumbnail":["https:\/\/i0.wp.com\/www.boutiquemystik.com\/wp-content\/uploads\/2026\/03\/2723510_11119_04_CR.jpg?resize=100%2C100&ssl=1",100,100,true],"variation_swatches_image_size":["https:\/\/i0.wp.com\/www.boutiquemystik.com\/wp-content\/uploads\/2026\/03\/2723510_11119_04_CR.jpg?resize=50%2C50&ssl=1",50,50,true],"variation_swatches_tooltip_size":["https:\/\/i0.wp.com\/www.boutiquemystik.com\/wp-content\/uploads\/2026\/03\/2723510_11119_04_CR.jpg?resize=100%2C100&ssl=1",100,100,true]},"uagb_author_info":{"display_name":"Boutique Mystik","author_link":"https:\/\/www.boutiquemystik.com\/fr\/author\/"},"uagb_comment_info":0,"uagb_excerpt":"A timeless button-up vest designed to elevate any outfit. Featuring a clean, tailored silhouette, this versatile piece is perfect for layering over shirts or wearing on its own for a modern, chic look.","jetpack_sharing_enabled":true,"_links":{"self":[{"href":"https:\/\/www.boutiquemystik.com\/fr\/wp-json\/wp\/v2\/product\/15157","targetHints":{"allow":["GET"]}}],"collection":[{"href":"https:\/\/www.boutiquemystik.com\/fr\/wp-json\/wp\/v2\/product"}],"about":[{"href":"https:\/\/www.boutiquemystik.com\/fr\/wp-json\/wp\/v2\/types\/product"}],"replies":[{"embeddable":true,"href":"https:\/\/www.boutiquemystik.com\/fr\/wp-json\/wp\/v2\/comments?post=15157"}],"wp:featuredmedia":[{"embeddable":true,"href":"https:\/\/www.boutiquemystik.com\/fr\/wp-json\/wp\/v2\/media\/15165"}],"wp:attachment":[{"href":"https:\/\/www.boutiquemystik.com\/fr\/wp-json\/wp\/v2\/media?parent=15157"}],"wp:term":[{"taxonomy":"product_brand","embeddable":true,"href":"https:\/\/www.boutiquemystik.com\/fr\/wp-json\/wp\/v2\/product_brand?post=15157"},{"taxonomy":"product_cat","embeddable":true,"href":"https:\/\/www.boutiquemystik.com\/fr\/wp-json\/wp\/v2\/product_cat?post=15157"},{"taxonomy":"product_tag","embeddable":true,"href":"https:\/\/www.boutiquemystik.com\/fr\/wp-json\/wp\/v2\/product_tag?post=15157"}],"curies":[{"name":"wp","href":"https:\/\/api.w.org\/{rel}","templated":true}]}}