{"id":15545,"date":"2026-04-08T15:31:57","date_gmt":"2026-04-08T19:31:57","guid":{"rendered":"https:\/\/www.boutiquemystik.com\/?post_type=product&#038;p=15545"},"modified":"2026-04-08T15:34:06","modified_gmt":"2026-04-08T19:34:06","slug":"mid-rise-shorts","status":"publish","type":"product","link":"https:\/\/www.boutiquemystik.com\/fr\/produit\/mid-rise-shorts\/","title":{"rendered":"Short mi-hauteur"},"content":{"rendered":"<p>Alliant style et confort, ce short mi-hauteur est un essentiel de la saison estivale. Confectionn\u00e9 dans un m\u00e9lange respirant de 85 % viscose et 15 % lin, il offre une sensation l\u00e9g\u00e8re et a\u00e9r\u00e9e, id\u00e9ale pour un usage quotidien. Sa coupe d\u00e9contract\u00e9e et sa taille \u00e9lastique assurent un ajustement confortable et flatteur, tandis que sa texture douce \u00e9pouse joliment la silhouette. Facile \u00e0 agencer, ce short polyvalent se porte aussi bien avec un d\u00e9bardeur, une blouse ou un tricot l\u00e9ger pour un look chic et d\u00e9contract\u00e9.<\/p>\n<p>&nbsp;<\/p>\n<p>&nbsp;<\/p>\n<p>&nbsp;<\/p>\n<p>&nbsp;<\/p>\n<p>&nbsp;<\/p>\n<p>&nbsp;<\/p>","protected":false},"excerpt":{"rendered":"<p>Short mi-hauteur l\u00e9ger en m\u00e9lange de viscose et lin. Confortable, respirant et parfait pour un style d\u00e9contract\u00e9 au quotidien.<\/p>","protected":false},"featured_media":15552,"comment_status":"open","ping_status":"closed","template":"","meta":{"_uag_custom_page_level_css":"","site-sidebar-layout":"default","site-content-layout":"","ast-site-content-layout":"default","site-content-style":"default","site-sidebar-style":"default","ast-global-header-display":"","ast-banner-title-visibility":"","ast-main-header-display":"","ast-hfb-above-header-display":"","ast-hfb-below-header-display":"","ast-hfb-mobile-header-display":"","site-post-title":"","ast-breadcrumbs-content":"","ast-featured-img":"","footer-sml-layout":"","ast-disable-related-posts":"","theme-transparent-header-meta":"default","adv-header-id-meta":"","stick-header-meta":"","header-above-stick-meta":"","header-main-stick-meta":"","header-below-stick-meta":"","astra-migrate-meta-layouts":"set","ast-page-background-enabled":"default","ast-page-background-meta":{"desktop":{"background-color":"","background-image":"","background-repeat":"repeat","background-position":"center center","background-size":"auto","background-attachment":"scroll","background-type":"","background-media":"","overlay-type":"","overlay-color":"","overlay-opacity":"","overlay-gradient":""},"tablet":{"background-color":"","background-image":"","background-repeat":"repeat","background-position":"center center","background-size":"auto","background-attachment":"scroll","background-type":"","background-media":"","overlay-type":"","overlay-color":"","overlay-opacity":"","overlay-gradient":""},"mobile":{"background-color":"","background-image":"","background-repeat":"repeat","background-position":"center center","background-size":"auto","background-attachment":"scroll","background-type":"","background-media":"","overlay-type":"","overlay-color":"","overlay-opacity":"","overlay-gradient":""}},"ast-content-background-meta":{"desktop":{"background-color":"var(--ast-global-color-5)","background-image":"","background-repeat":"repeat","background-position":"center center","background-size":"auto","background-attachment":"scroll","background-type":"","background-media":"","overlay-type":"","overlay-color":"","overlay-opacity":"","overlay-gradient":""},"tablet":{"background-color":"var(--ast-global-color-5)","background-image":"","background-repeat":"repeat","background-position":"center center","background-size":"auto","background-attachment":"scroll","background-type":"","background-media":"","overlay-type":"","overlay-color":"","overlay-opacity":"","overlay-gradient":""},"mobile":{"background-color":"var(--ast-global-color-5)","background-image":"","background-repeat":"repeat","background-position":"center center","background-size":"auto","background-attachment":"scroll","background-type":"","background-media":"","overlay-type":"","overlay-color":"","overlay-opacity":"","overlay-gradient":""}},"advanced_seo_description":"","jetpack_seo_html_title":"","jetpack_seo_noindex":false},"product_brand":[379],"product_cat":[56],"product_tag":[225,245,544],"class_list":{"0":"post-15545","1":"product","2":"type-product","3":"status-publish","4":"has-post-thumbnail","6":"product_brand-room-34","7":"product_cat-shorts","8":"product_tag-casual","9":"product_tag-chic","10":"product_tag-collection-4","11":"pa_color-khaki","12":"pa_size-large","13":"pa_size-medium","14":"pa_size-petit","15":"pa_size-extra-large","16":"pa_size-tres-petit","17":"desktop-align-left","18":"tablet-align-left","19":"mobile-align-left","21":"first","22":"instock","23":"taxable","24":"shipping-taxable","25":"purchasable","26":"product-type-variable","27":"has-default-attributes"},"uagb_featured_image_src":{"full":["https:\/\/i0.wp.com\/www.boutiquemystik.com\/wp-content\/uploads\/2026\/04\/2722741_18250_05_CR.jpg?fit=1400%2C2200&ssl=1",1400,2200,false],"thumbnail":["https:\/\/i0.wp.com\/www.boutiquemystik.com\/wp-content\/uploads\/2026\/04\/2722741_18250_05_CR.jpg?resize=150%2C150&ssl=1",150,150,true],"medium":["https:\/\/i0.wp.com\/www.boutiquemystik.com\/wp-content\/uploads\/2026\/04\/2722741_18250_05_CR.jpg?fit=191%2C300&ssl=1",191,300,true],"medium_large":["https:\/\/i0.wp.com\/www.boutiquemystik.com\/wp-content\/uploads\/2026\/04\/2722741_18250_05_CR.jpg?fit=768%2C1207&ssl=1",768,1207,true],"large":["https:\/\/i0.wp.com\/www.boutiquemystik.com\/wp-content\/uploads\/2026\/04\/2722741_18250_05_CR.jpg?fit=652%2C1024&ssl=1",652,1024,true],"1536x1536":["https:\/\/i0.wp.com\/www.boutiquemystik.com\/wp-content\/uploads\/2026\/04\/2722741_18250_05_CR.jpg?fit=977%2C1536&ssl=1",977,1536,true],"2048x2048":["https:\/\/i0.wp.com\/www.boutiquemystik.com\/wp-content\/uploads\/2026\/04\/2722741_18250_05_CR.jpg?fit=1303%2C2048&ssl=1",1303,2048,true],"trp-custom-language-flag":["https:\/\/i0.wp.com\/www.boutiquemystik.com\/wp-content\/uploads\/2026\/04\/2722741_18250_05_CR.jpg?fit=8%2C12&ssl=1",8,12,true],"woocommerce_thumbnail":["https:\/\/i0.wp.com\/www.boutiquemystik.com\/wp-content\/uploads\/2026\/04\/2722741_18250_05_CR.jpg?fit=300%2C471&ssl=1",300,471,true],"woocommerce_single":["https:\/\/i0.wp.com\/www.boutiquemystik.com\/wp-content\/uploads\/2026\/04\/2722741_18250_05_CR.jpg?fit=600%2C943&ssl=1",600,943,true],"woocommerce_gallery_thumbnail":["https:\/\/i0.wp.com\/www.boutiquemystik.com\/wp-content\/uploads\/2026\/04\/2722741_18250_05_CR.jpg?resize=100%2C100&ssl=1",100,100,true],"variation_swatches_image_size":["https:\/\/i0.wp.com\/www.boutiquemystik.com\/wp-content\/uploads\/2026\/04\/2722741_18250_05_CR.jpg?resize=50%2C50&ssl=1",50,50,true],"variation_swatches_tooltip_size":["https:\/\/i0.wp.com\/www.boutiquemystik.com\/wp-content\/uploads\/2026\/04\/2722741_18250_05_CR.jpg?resize=100%2C100&ssl=1",100,100,true]},"uagb_author_info":{"display_name":"Boutique Mystik","author_link":"https:\/\/www.boutiquemystik.com\/fr\/author\/"},"uagb_comment_info":0,"uagb_excerpt":"Lightweight mid-rise shorts in a soft viscose-linen blend. Comfortable, breathable, and perfect for effortless everyday style.","jetpack_sharing_enabled":true,"_links":{"self":[{"href":"https:\/\/www.boutiquemystik.com\/fr\/wp-json\/wp\/v2\/product\/15545","targetHints":{"allow":["GET"]}}],"collection":[{"href":"https:\/\/www.boutiquemystik.com\/fr\/wp-json\/wp\/v2\/product"}],"about":[{"href":"https:\/\/www.boutiquemystik.com\/fr\/wp-json\/wp\/v2\/types\/product"}],"replies":[{"embeddable":true,"href":"https:\/\/www.boutiquemystik.com\/fr\/wp-json\/wp\/v2\/comments?post=15545"}],"wp:featuredmedia":[{"embeddable":true,"href":"https:\/\/www.boutiquemystik.com\/fr\/wp-json\/wp\/v2\/media\/15552"}],"wp:attachment":[{"href":"https:\/\/www.boutiquemystik.com\/fr\/wp-json\/wp\/v2\/media?parent=15545"}],"wp:term":[{"taxonomy":"product_brand","embeddable":true,"href":"https:\/\/www.boutiquemystik.com\/fr\/wp-json\/wp\/v2\/product_brand?post=15545"},{"taxonomy":"product_cat","embeddable":true,"href":"https:\/\/www.boutiquemystik.com\/fr\/wp-json\/wp\/v2\/product_cat?post=15545"},{"taxonomy":"product_tag","embeddable":true,"href":"https:\/\/www.boutiquemystik.com\/fr\/wp-json\/wp\/v2\/product_tag?post=15545"}],"curies":[{"name":"wp","href":"https:\/\/api.w.org\/{rel}","templated":true}]}}