{"id":15763,"date":"2026-04-12T15:10:55","date_gmt":"2026-04-12T19:10:55","guid":{"rendered":"https:\/\/www.boutiquemystik.com\/?post_type=product&#038;p=15763"},"modified":"2026-04-12T15:10:56","modified_gmt":"2026-04-12T19:10:56","slug":"lace-cutout-button-front-tank","status":"publish","type":"product","link":"https:\/\/www.boutiquemystik.com\/fr\/produit\/lace-cutout-button-front-tank\/","title":{"rendered":"D\u00e9bardeur \u00e0 boutons sur le devant avec d\u00e9coupes en dentelle"},"content":{"rendered":"<p>Ajoutez une touche de d\u00e9licatesse \u00e0 votre look avec ce d\u00e9bardeur \u00e0 boutons sur le devant et d\u00e9coupes en dentelle. Con\u00e7u dans une coupe sans manches flatteuse, il est orn\u00e9 de d\u00e9tails en dentelle raffin\u00e9s qui apportent une touche douce et f\u00e9minine. La fermeture boutonn\u00e9e sur le devant ajoute un \u00e9l\u00e9ment styl\u00e9 et polyvalent, permettant de le porter aussi bien de mani\u00e8re habill\u00e9e que d\u00e9contract\u00e9e. Confectionn\u00e9 dans un tissu l\u00e9ger et respirant, ce d\u00e9bardeur est parfait pour les journ\u00e9es chaudes et les superpositions faciles.<\/p>\n<p>Composition :<\/p>\n<p>56% Cotton<\/p>\n<p>30% Nylon<\/p>\n<p>14% Rayon<\/p>","protected":false},"excerpt":{"rendered":"<p>D\u00e9bardeur sans manches avec d\u00e9coupes en dentelle et boutons sur le devant, offrant un style l\u00e9ger et f\u00e9minin parfait pour les journ\u00e9es chaudes.<\/p>","protected":false},"featured_media":15772,"comment_status":"open","ping_status":"closed","template":"","meta":{"_uag_custom_page_level_css":"","site-sidebar-layout":"default","site-content-layout":"","ast-site-content-layout":"default","site-content-style":"default","site-sidebar-style":"default","ast-global-header-display":"","ast-banner-title-visibility":"","ast-main-header-display":"","ast-hfb-above-header-display":"","ast-hfb-below-header-display":"","ast-hfb-mobile-header-display":"","site-post-title":"","ast-breadcrumbs-content":"","ast-featured-img":"","footer-sml-layout":"","ast-disable-related-posts":"","theme-transparent-header-meta":"default","adv-header-id-meta":"","stick-header-meta":"","header-above-stick-meta":"","header-main-stick-meta":"","header-below-stick-meta":"","astra-migrate-meta-layouts":"set","ast-page-background-enabled":"default","ast-page-background-meta":{"desktop":{"background-color":"","background-image":"","background-repeat":"repeat","background-position":"center center","background-size":"auto","background-attachment":"scroll","background-type":"","background-media":"","overlay-type":"","overlay-color":"","overlay-opacity":"","overlay-gradient":""},"tablet":{"background-color":"","background-image":"","background-repeat":"repeat","background-position":"center center","background-size":"auto","background-attachment":"scroll","background-type":"","background-media":"","overlay-type":"","overlay-color":"","overlay-opacity":"","overlay-gradient":""},"mobile":{"background-color":"","background-image":"","background-repeat":"repeat","background-position":"center center","background-size":"auto","background-attachment":"scroll","background-type":"","background-media":"","overlay-type":"","overlay-color":"","overlay-opacity":"","overlay-gradient":""}},"ast-content-background-meta":{"desktop":{"background-color":"var(--ast-global-color-5)","background-image":"","background-repeat":"repeat","background-position":"center center","background-size":"auto","background-attachment":"scroll","background-type":"","background-media":"","overlay-type":"","overlay-color":"","overlay-opacity":"","overlay-gradient":""},"tablet":{"background-color":"var(--ast-global-color-5)","background-image":"","background-repeat":"repeat","background-position":"center center","background-size":"auto","background-attachment":"scroll","background-type":"","background-media":"","overlay-type":"","overlay-color":"","overlay-opacity":"","overlay-gradient":""},"mobile":{"background-color":"var(--ast-global-color-5)","background-image":"","background-repeat":"repeat","background-position":"center center","background-size":"auto","background-attachment":"scroll","background-type":"","background-media":"","overlay-type":"","overlay-color":"","overlay-opacity":"","overlay-gradient":""}},"advanced_seo_description":"","jetpack_seo_html_title":"","jetpack_seo_noindex":false},"product_brand":[212],"product_cat":[392],"product_tag":[225,544,25],"class_list":{"0":"post-15763","1":"product","2":"type-product","3":"status-publish","4":"has-post-thumbnail","6":"product_brand-dex","7":"product_cat-blouse","8":"product_tag-casual","9":"product_tag-collection-4","10":"product_tag-dex","11":"pa_color-white","12":"pa_size-large","13":"pa_size-medium","14":"pa_size-petit","15":"pa_size-extra-large","16":"pa_size-tres-petit","17":"desktop-align-left","18":"tablet-align-left","19":"mobile-align-left","21":"first","22":"instock","23":"taxable","24":"shipping-taxable","25":"purchasable","26":"product-type-variable","27":"has-default-attributes"},"uagb_featured_image_src":{"full":["https:\/\/i0.wp.com\/www.boutiquemystik.com\/wp-content\/uploads\/2026\/04\/2724201_11001_04_CR.jpg?fit=1400%2C2200&ssl=1",1400,2200,false],"thumbnail":["https:\/\/i0.wp.com\/www.boutiquemystik.com\/wp-content\/uploads\/2026\/04\/2724201_11001_04_CR.jpg?resize=150%2C150&ssl=1",150,150,true],"medium":["https:\/\/i0.wp.com\/www.boutiquemystik.com\/wp-content\/uploads\/2026\/04\/2724201_11001_04_CR.jpg?fit=191%2C300&ssl=1",191,300,true],"medium_large":["https:\/\/i0.wp.com\/www.boutiquemystik.com\/wp-content\/uploads\/2026\/04\/2724201_11001_04_CR.jpg?fit=768%2C1207&ssl=1",768,1207,true],"large":["https:\/\/i0.wp.com\/www.boutiquemystik.com\/wp-content\/uploads\/2026\/04\/2724201_11001_04_CR.jpg?fit=652%2C1024&ssl=1",652,1024,true],"1536x1536":["https:\/\/i0.wp.com\/www.boutiquemystik.com\/wp-content\/uploads\/2026\/04\/2724201_11001_04_CR.jpg?fit=977%2C1536&ssl=1",977,1536,true],"2048x2048":["https:\/\/i0.wp.com\/www.boutiquemystik.com\/wp-content\/uploads\/2026\/04\/2724201_11001_04_CR.jpg?fit=1303%2C2048&ssl=1",1303,2048,true],"trp-custom-language-flag":["https:\/\/i0.wp.com\/www.boutiquemystik.com\/wp-content\/uploads\/2026\/04\/2724201_11001_04_CR.jpg?fit=8%2C12&ssl=1",8,12,true],"woocommerce_thumbnail":["https:\/\/i0.wp.com\/www.boutiquemystik.com\/wp-content\/uploads\/2026\/04\/2724201_11001_04_CR.jpg?fit=300%2C471&ssl=1",300,471,true],"woocommerce_single":["https:\/\/i0.wp.com\/www.boutiquemystik.com\/wp-content\/uploads\/2026\/04\/2724201_11001_04_CR.jpg?fit=600%2C943&ssl=1",600,943,true],"woocommerce_gallery_thumbnail":["https:\/\/i0.wp.com\/www.boutiquemystik.com\/wp-content\/uploads\/2026\/04\/2724201_11001_04_CR.jpg?resize=100%2C100&ssl=1",100,100,true],"variation_swatches_image_size":["https:\/\/i0.wp.com\/www.boutiquemystik.com\/wp-content\/uploads\/2026\/04\/2724201_11001_04_CR.jpg?resize=50%2C50&ssl=1",50,50,true],"variation_swatches_tooltip_size":["https:\/\/i0.wp.com\/www.boutiquemystik.com\/wp-content\/uploads\/2026\/04\/2724201_11001_04_CR.jpg?resize=100%2C100&ssl=1",100,100,true]},"uagb_author_info":{"display_name":"Boutique Mystik","author_link":"https:\/\/www.boutiquemystik.com\/fr\/author\/"},"uagb_comment_info":0,"uagb_excerpt":"Sleeveless tank with lace cutout details and front buttons, offering a light and feminine warm-weather style.","jetpack_sharing_enabled":true,"_links":{"self":[{"href":"https:\/\/www.boutiquemystik.com\/fr\/wp-json\/wp\/v2\/product\/15763","targetHints":{"allow":["GET"]}}],"collection":[{"href":"https:\/\/www.boutiquemystik.com\/fr\/wp-json\/wp\/v2\/product"}],"about":[{"href":"https:\/\/www.boutiquemystik.com\/fr\/wp-json\/wp\/v2\/types\/product"}],"replies":[{"embeddable":true,"href":"https:\/\/www.boutiquemystik.com\/fr\/wp-json\/wp\/v2\/comments?post=15763"}],"wp:featuredmedia":[{"embeddable":true,"href":"https:\/\/www.boutiquemystik.com\/fr\/wp-json\/wp\/v2\/media\/15772"}],"wp:attachment":[{"href":"https:\/\/www.boutiquemystik.com\/fr\/wp-json\/wp\/v2\/media?parent=15763"}],"wp:term":[{"taxonomy":"product_brand","embeddable":true,"href":"https:\/\/www.boutiquemystik.com\/fr\/wp-json\/wp\/v2\/product_brand?post=15763"},{"taxonomy":"product_cat","embeddable":true,"href":"https:\/\/www.boutiquemystik.com\/fr\/wp-json\/wp\/v2\/product_cat?post=15763"},{"taxonomy":"product_tag","embeddable":true,"href":"https:\/\/www.boutiquemystik.com\/fr\/wp-json\/wp\/v2\/product_tag?post=15763"}],"curies":[{"name":"wp","href":"https:\/\/api.w.org\/{rel}","templated":true}]}}