{"id":15911,"date":"2026-04-15T12:16:08","date_gmt":"2026-04-15T16:16:08","guid":{"rendered":"https:\/\/www.boutiquemystik.com\/?post_type=product&#038;p=15911"},"modified":"2026-04-15T12:24:48","modified_gmt":"2026-04-15T16:24:48","slug":"onleril-ss-smock-dress-wvn","status":"publish","type":"product","link":"https:\/\/www.boutiquemystik.com\/fr\/produit\/onleril-ss-smock-dress-wvn\/","title":{"rendered":"ONLERIL SS SMOCK ROBE WVN"},"content":{"rendered":"<p>Apportez une touche de fra\u00eecheur \u00e0 votre garde-robe estivale avec cette robe courte en 100 % coton, \u00e0 la fois l\u00e9g\u00e8re et respirante. Dot\u00e9e d\u2019une \u00e9l\u00e9gante encolure carr\u00e9e et de manches courtes, elle offre une silhouette f\u00e9minine et moderne. Le d\u00e9tail smock\u00e9 au buste assure un ajustement confortable et flatteur, tout en ajoutant de la texture. Confectionn\u00e9e dans un tissu tiss\u00e9 au motif floral d\u00e9licat, cette robe est parfaite \u00e0 porter seule lors des journ\u00e9es chaudes ou \u00e0 superposer avec un pantalon ou des collants quand il fait plus frais.<\/p>","protected":false},"excerpt":{"rendered":"<p>Robe courte en coton avec encolure carr\u00e9e et buste smock\u00e9\u2014l\u00e9g\u00e8re, f\u00e9minine et facile \u00e0 porter en toute saison.<\/p>","protected":false},"featured_media":15918,"comment_status":"open","ping_status":"closed","template":"","meta":{"_uag_custom_page_level_css":"","site-sidebar-layout":"default","site-content-layout":"","ast-site-content-layout":"default","site-content-style":"default","site-sidebar-style":"default","ast-global-header-display":"","ast-banner-title-visibility":"","ast-main-header-display":"","ast-hfb-above-header-display":"","ast-hfb-below-header-display":"","ast-hfb-mobile-header-display":"","site-post-title":"","ast-breadcrumbs-content":"","ast-featured-img":"","footer-sml-layout":"","ast-disable-related-posts":"","theme-transparent-header-meta":"default","adv-header-id-meta":"","stick-header-meta":"","header-above-stick-meta":"","header-main-stick-meta":"","header-below-stick-meta":"","astra-migrate-meta-layouts":"set","ast-page-background-enabled":"default","ast-page-background-meta":{"desktop":{"background-color":"","background-image":"","background-repeat":"repeat","background-position":"center center","background-size":"auto","background-attachment":"scroll","background-type":"","background-media":"","overlay-type":"","overlay-color":"","overlay-opacity":"","overlay-gradient":""},"tablet":{"background-color":"","background-image":"","background-repeat":"repeat","background-position":"center center","background-size":"auto","background-attachment":"scroll","background-type":"","background-media":"","overlay-type":"","overlay-color":"","overlay-opacity":"","overlay-gradient":""},"mobile":{"background-color":"","background-image":"","background-repeat":"repeat","background-position":"center center","background-size":"auto","background-attachment":"scroll","background-type":"","background-media":"","overlay-type":"","overlay-color":"","overlay-opacity":"","overlay-gradient":""}},"ast-content-background-meta":{"desktop":{"background-color":"var(--ast-global-color-5)","background-image":"","background-repeat":"repeat","background-position":"center center","background-size":"auto","background-attachment":"scroll","background-type":"","background-media":"","overlay-type":"","overlay-color":"","overlay-opacity":"","overlay-gradient":""},"tablet":{"background-color":"var(--ast-global-color-5)","background-image":"","background-repeat":"repeat","background-position":"center center","background-size":"auto","background-attachment":"scroll","background-type":"","background-media":"","overlay-type":"","overlay-color":"","overlay-opacity":"","overlay-gradient":""},"mobile":{"background-color":"var(--ast-global-color-5)","background-image":"","background-repeat":"repeat","background-position":"center center","background-size":"auto","background-attachment":"scroll","background-type":"","background-media":"","overlay-type":"","overlay-color":"","overlay-opacity":"","overlay-gradient":""}},"advanced_seo_description":"","jetpack_seo_html_title":"","jetpack_seo_noindex":false},"product_brand":[213],"product_cat":[63],"product_tag":[227,225,544,216],"class_list":{"0":"post-15911","1":"product","2":"type-product","3":"status-publish","4":"has-post-thumbnail","6":"product_brand-only","7":"product_cat-dresses","8":"product_tag-100-cotton","9":"product_tag-casual","10":"product_tag-collection-4","11":"product_tag-spring-summer","12":"pa_size-large","13":"pa_size-medium","14":"pa_size-petit","15":"pa_size-extra-large","16":"pa_size-tres-petit","17":"desktop-align-left","18":"tablet-align-left","19":"mobile-align-left","21":"first","22":"instock","23":"taxable","24":"shipping-taxable","25":"purchasable","26":"product-type-variable"},"uagb_featured_image_src":{"full":["https:\/\/i0.wp.com\/www.boutiquemystik.com\/wp-content\/uploads\/2026\/04\/ONLERIL-DRESS-1.jpg?fit=1350%2C1800&ssl=1",1350,1800,false],"thumbnail":["https:\/\/i0.wp.com\/www.boutiquemystik.com\/wp-content\/uploads\/2026\/04\/ONLERIL-DRESS-1.jpg?resize=150%2C150&ssl=1",150,150,true],"medium":["https:\/\/i0.wp.com\/www.boutiquemystik.com\/wp-content\/uploads\/2026\/04\/ONLERIL-DRESS-1.jpg?fit=225%2C300&ssl=1",225,300,true],"medium_large":["https:\/\/i0.wp.com\/www.boutiquemystik.com\/wp-content\/uploads\/2026\/04\/ONLERIL-DRESS-1.jpg?fit=768%2C1024&ssl=1",768,1024,true],"large":["https:\/\/i0.wp.com\/www.boutiquemystik.com\/wp-content\/uploads\/2026\/04\/ONLERIL-DRESS-1.jpg?fit=768%2C1024&ssl=1",768,1024,true],"1536x1536":["https:\/\/i0.wp.com\/www.boutiquemystik.com\/wp-content\/uploads\/2026\/04\/ONLERIL-DRESS-1.jpg?fit=1152%2C1536&ssl=1",1152,1536,true],"2048x2048":["https:\/\/i0.wp.com\/www.boutiquemystik.com\/wp-content\/uploads\/2026\/04\/ONLERIL-DRESS-1.jpg?fit=1350%2C1800&ssl=1",1350,1800,true],"trp-custom-language-flag":["https:\/\/i0.wp.com\/www.boutiquemystik.com\/wp-content\/uploads\/2026\/04\/ONLERIL-DRESS-1.jpg?fit=9%2C12&ssl=1",9,12,true],"woocommerce_thumbnail":["https:\/\/i0.wp.com\/www.boutiquemystik.com\/wp-content\/uploads\/2026\/04\/ONLERIL-DRESS-1.jpg?fit=300%2C400&ssl=1",300,400,true],"woocommerce_single":["https:\/\/i0.wp.com\/www.boutiquemystik.com\/wp-content\/uploads\/2026\/04\/ONLERIL-DRESS-1.jpg?fit=600%2C800&ssl=1",600,800,true],"woocommerce_gallery_thumbnail":["https:\/\/i0.wp.com\/www.boutiquemystik.com\/wp-content\/uploads\/2026\/04\/ONLERIL-DRESS-1.jpg?resize=100%2C100&ssl=1",100,100,true],"variation_swatches_image_size":["https:\/\/i0.wp.com\/www.boutiquemystik.com\/wp-content\/uploads\/2026\/04\/ONLERIL-DRESS-1.jpg?resize=50%2C50&ssl=1",50,50,true],"variation_swatches_tooltip_size":["https:\/\/i0.wp.com\/www.boutiquemystik.com\/wp-content\/uploads\/2026\/04\/ONLERIL-DRESS-1.jpg?resize=100%2C100&ssl=1",100,100,true]},"uagb_author_info":{"display_name":"Boutique Mystik","author_link":"https:\/\/www.boutiquemystik.com\/fr\/author\/"},"uagb_comment_info":0,"uagb_excerpt":"100% cotton short smock dress with a square neckline\u2014lightweight, breathable, and easy to style year-round.","jetpack_sharing_enabled":true,"_links":{"self":[{"href":"https:\/\/www.boutiquemystik.com\/fr\/wp-json\/wp\/v2\/product\/15911","targetHints":{"allow":["GET"]}}],"collection":[{"href":"https:\/\/www.boutiquemystik.com\/fr\/wp-json\/wp\/v2\/product"}],"about":[{"href":"https:\/\/www.boutiquemystik.com\/fr\/wp-json\/wp\/v2\/types\/product"}],"replies":[{"embeddable":true,"href":"https:\/\/www.boutiquemystik.com\/fr\/wp-json\/wp\/v2\/comments?post=15911"}],"wp:featuredmedia":[{"embeddable":true,"href":"https:\/\/www.boutiquemystik.com\/fr\/wp-json\/wp\/v2\/media\/15918"}],"wp:attachment":[{"href":"https:\/\/www.boutiquemystik.com\/fr\/wp-json\/wp\/v2\/media?parent=15911"}],"wp:term":[{"taxonomy":"product_brand","embeddable":true,"href":"https:\/\/www.boutiquemystik.com\/fr\/wp-json\/wp\/v2\/product_brand?post=15911"},{"taxonomy":"product_cat","embeddable":true,"href":"https:\/\/www.boutiquemystik.com\/fr\/wp-json\/wp\/v2\/product_cat?post=15911"},{"taxonomy":"product_tag","embeddable":true,"href":"https:\/\/www.boutiquemystik.com\/fr\/wp-json\/wp\/v2\/product_tag?post=15911"}],"curies":[{"name":"wp","href":"https:\/\/api.w.org\/{rel}","templated":true}]}}