{"id":16081,"date":"2026-04-18T16:10:29","date_gmt":"2026-04-18T20:10:29","guid":{"rendered":"https:\/\/www.boutiquemystik.com\/?post_type=product&#038;p=16081"},"modified":"2026-04-18T16:32:22","modified_gmt":"2026-04-18T20:32:22","slug":"onlketty-s-s-o-neck-top-jrs-noos","status":"publish","type":"product","link":"https:\/\/www.boutiquemystik.com\/fr\/produit\/onlketty-s-s-o-neck-top-jrs-noos\/","title":{"rendered":"ONLKETTY S\/S O-NECK TOP JRS NOOS"},"content":{"rendered":"<p data-start=\"144\" data-end=\"565\">Adoptez un style simple et soign\u00e9 pour l\u2019\u00e9cole, le travail ou vos activit\u00e9s de tous les jours avec ce t-shirt polyvalent. Facile \u00e0 agencer avec vos pi\u00e8ces pr\u00e9f\u00e9r\u00e9es, il est con\u00e7u en coton naturel, offrant une sensation douce et respirante sur la peau. Sa coupe r\u00e9guli\u00e8re, son col rond classique et ses manches courtes en font un indispensable intemporel, parfait \u00e0 porter seul ou en superposition.<\/p>\n<p data-start=\"567\" data-end=\"826\" data-is-last-node=\"\" data-is-only-node=\"\">Fabriqu\u00e9 en jersey simple \u00e0 maille circulaire, ce t-shirt assure l\u00e9g\u00e8ret\u00e9 et confort tout au long de la journ\u00e9e. Compos\u00e9 \u00e0 100 % de coton, dont au moins 50 % de coton biologique Direct to Farm, il repr\u00e9sente un choix plus responsable tout en conservant style et qualit\u00e9.<\/p>","protected":false},"excerpt":{"rendered":"<p>Soft cotton T-shirt with a regular fit, round neck, and short sleeves\u2014an everyday essential made with organic cotton.<\/p>","protected":false},"featured_media":16090,"comment_status":"open","ping_status":"closed","template":"","meta":{"_uag_custom_page_level_css":"","site-sidebar-layout":"default","site-content-layout":"","ast-site-content-layout":"default","site-content-style":"default","site-sidebar-style":"default","ast-global-header-display":"","ast-banner-title-visibility":"","ast-main-header-display":"","ast-hfb-above-header-display":"","ast-hfb-below-header-display":"","ast-hfb-mobile-header-display":"","site-post-title":"","ast-breadcrumbs-content":"","ast-featured-img":"","footer-sml-layout":"","ast-disable-related-posts":"","theme-transparent-header-meta":"default","adv-header-id-meta":"","stick-header-meta":"","header-above-stick-meta":"","header-main-stick-meta":"","header-below-stick-meta":"","astra-migrate-meta-layouts":"set","ast-page-background-enabled":"default","ast-page-background-meta":{"desktop":{"background-color":"","background-image":"","background-repeat":"repeat","background-position":"center center","background-size":"auto","background-attachment":"scroll","background-type":"","background-media":"","overlay-type":"","overlay-color":"","overlay-opacity":"","overlay-gradient":""},"tablet":{"background-color":"","background-image":"","background-repeat":"repeat","background-position":"center center","background-size":"auto","background-attachment":"scroll","background-type":"","background-media":"","overlay-type":"","overlay-color":"","overlay-opacity":"","overlay-gradient":""},"mobile":{"background-color":"","background-image":"","background-repeat":"repeat","background-position":"center center","background-size":"auto","background-attachment":"scroll","background-type":"","background-media":"","overlay-type":"","overlay-color":"","overlay-opacity":"","overlay-gradient":""}},"ast-content-background-meta":{"desktop":{"background-color":"var(--ast-global-color-5)","background-image":"","background-repeat":"repeat","background-position":"center center","background-size":"auto","background-attachment":"scroll","background-type":"","background-media":"","overlay-type":"","overlay-color":"","overlay-opacity":"","overlay-gradient":""},"tablet":{"background-color":"var(--ast-global-color-5)","background-image":"","background-repeat":"repeat","background-position":"center center","background-size":"auto","background-attachment":"scroll","background-type":"","background-media":"","overlay-type":"","overlay-color":"","overlay-opacity":"","overlay-gradient":""},"mobile":{"background-color":"var(--ast-global-color-5)","background-image":"","background-repeat":"repeat","background-position":"center center","background-size":"auto","background-attachment":"scroll","background-type":"","background-media":"","overlay-type":"","overlay-color":"","overlay-opacity":"","overlay-gradient":""}},"advanced_seo_description":"","jetpack_seo_html_title":"","jetpack_seo_noindex":false},"product_brand":[213],"product_cat":[43],"product_tag":[225,544,214,378,216],"class_list":{"0":"post-16081","1":"product","2":"type-product","3":"status-publish","4":"has-post-thumbnail","6":"product_brand-only","7":"product_cat-bomber-jacket","8":"product_tag-casual","9":"product_tag-collection-4","10":"product_tag-cotton","11":"product_tag-floral","12":"product_tag-spring-summer","13":"pa_size-large","14":"pa_size-medium","15":"pa_size-petit","16":"pa_size-extra-large","17":"pa_size-tres-petit","18":"desktop-align-left","19":"tablet-align-left","20":"mobile-align-left","22":"first","23":"instock","24":"taxable","25":"shipping-taxable","26":"purchasable","27":"product-type-variable"},"uagb_featured_image_src":{"full":["https:\/\/i0.wp.com\/www.boutiquemystik.com\/wp-content\/uploads\/2026\/04\/F_15288473_M_4947907_Detail_1.jpg?fit=1350%2C1800&ssl=1",1350,1800,false],"thumbnail":["https:\/\/i0.wp.com\/www.boutiquemystik.com\/wp-content\/uploads\/2026\/04\/F_15288473_M_4947907_Detail_1.jpg?resize=150%2C150&ssl=1",150,150,true],"medium":["https:\/\/i0.wp.com\/www.boutiquemystik.com\/wp-content\/uploads\/2026\/04\/F_15288473_M_4947907_Detail_1.jpg?fit=225%2C300&ssl=1",225,300,true],"medium_large":["https:\/\/i0.wp.com\/www.boutiquemystik.com\/wp-content\/uploads\/2026\/04\/F_15288473_M_4947907_Detail_1.jpg?fit=768%2C1024&ssl=1",768,1024,true],"large":["https:\/\/i0.wp.com\/www.boutiquemystik.com\/wp-content\/uploads\/2026\/04\/F_15288473_M_4947907_Detail_1.jpg?fit=768%2C1024&ssl=1",768,1024,true],"1536x1536":["https:\/\/i0.wp.com\/www.boutiquemystik.com\/wp-content\/uploads\/2026\/04\/F_15288473_M_4947907_Detail_1.jpg?fit=1152%2C1536&ssl=1",1152,1536,true],"2048x2048":["https:\/\/i0.wp.com\/www.boutiquemystik.com\/wp-content\/uploads\/2026\/04\/F_15288473_M_4947907_Detail_1.jpg?fit=1350%2C1800&ssl=1",1350,1800,true],"trp-custom-language-flag":["https:\/\/i0.wp.com\/www.boutiquemystik.com\/wp-content\/uploads\/2026\/04\/F_15288473_M_4947907_Detail_1.jpg?fit=9%2C12&ssl=1",9,12,true],"woocommerce_thumbnail":["https:\/\/i0.wp.com\/www.boutiquemystik.com\/wp-content\/uploads\/2026\/04\/F_15288473_M_4947907_Detail_1.jpg?fit=300%2C400&ssl=1",300,400,true],"woocommerce_single":["https:\/\/i0.wp.com\/www.boutiquemystik.com\/wp-content\/uploads\/2026\/04\/F_15288473_M_4947907_Detail_1.jpg?fit=600%2C800&ssl=1",600,800,true],"woocommerce_gallery_thumbnail":["https:\/\/i0.wp.com\/www.boutiquemystik.com\/wp-content\/uploads\/2026\/04\/F_15288473_M_4947907_Detail_1.jpg?resize=100%2C100&ssl=1",100,100,true],"variation_swatches_image_size":["https:\/\/i0.wp.com\/www.boutiquemystik.com\/wp-content\/uploads\/2026\/04\/F_15288473_M_4947907_Detail_1.jpg?resize=50%2C50&ssl=1",50,50,true],"variation_swatches_tooltip_size":["https:\/\/i0.wp.com\/www.boutiquemystik.com\/wp-content\/uploads\/2026\/04\/F_15288473_M_4947907_Detail_1.jpg?resize=100%2C100&ssl=1",100,100,true]},"uagb_author_info":{"display_name":"Boutique Mystik","author_link":"https:\/\/www.boutiquemystik.com\/fr\/author\/"},"uagb_comment_info":0,"uagb_excerpt":"Soft cotton T-shirt with a regular fit, round neck, and short sleeves\u2014an everyday essential made with organic cotton.","jetpack_sharing_enabled":true,"_links":{"self":[{"href":"https:\/\/www.boutiquemystik.com\/fr\/wp-json\/wp\/v2\/product\/16081","targetHints":{"allow":["GET"]}}],"collection":[{"href":"https:\/\/www.boutiquemystik.com\/fr\/wp-json\/wp\/v2\/product"}],"about":[{"href":"https:\/\/www.boutiquemystik.com\/fr\/wp-json\/wp\/v2\/types\/product"}],"replies":[{"embeddable":true,"href":"https:\/\/www.boutiquemystik.com\/fr\/wp-json\/wp\/v2\/comments?post=16081"}],"wp:featuredmedia":[{"embeddable":true,"href":"https:\/\/www.boutiquemystik.com\/fr\/wp-json\/wp\/v2\/media\/16090"}],"wp:attachment":[{"href":"https:\/\/www.boutiquemystik.com\/fr\/wp-json\/wp\/v2\/media?parent=16081"}],"wp:term":[{"taxonomy":"product_brand","embeddable":true,"href":"https:\/\/www.boutiquemystik.com\/fr\/wp-json\/wp\/v2\/product_brand?post=16081"},{"taxonomy":"product_cat","embeddable":true,"href":"https:\/\/www.boutiquemystik.com\/fr\/wp-json\/wp\/v2\/product_cat?post=16081"},{"taxonomy":"product_tag","embeddable":true,"href":"https:\/\/www.boutiquemystik.com\/fr\/wp-json\/wp\/v2\/product_tag?post=16081"}],"curies":[{"name":"wp","href":"https:\/\/api.w.org\/{rel}","templated":true}]}}