{"id":16192,"date":"2026-04-25T12:20:41","date_gmt":"2026-04-25T16:20:41","guid":{"rendered":"https:\/\/www.boutiquemystik.com\/?post_type=product&#038;p=16192"},"modified":"2026-04-25T12:20:41","modified_gmt":"2026-04-25T16:20:41","slug":"vmofia-singlet-top-wvn-2","status":"publish","type":"product","link":"https:\/\/www.boutiquemystik.com\/fr\/produit\/vmofia-singlet-top-wvn-2\/","title":{"rendered":"VMOFIA SINGLET TOP WVN"},"content":{"rendered":"<p>Rehaussez votre garde-robe estivale avec le d\u00e9bardeur VMOFIA. Confectionn\u00e9 dans un tissu tiss\u00e9 l\u00e9ger, ce mod\u00e8le sans manches offre une sensation respirante et confortable, id\u00e9ale pour les journ\u00e9es ensoleill\u00e9es. Dot\u00e9 d\u2019une silhouette \u00e9pur\u00e9e et minimaliste, il se porte aussi bien de fa\u00e7on chic que d\u00e9contract\u00e9e\u2014associez-le \u00e0 un pantalon tailleur pour un look soign\u00e9 ou avec un short pour une allure plus relax. Un essentiel polyvalent que vous porterez encore et encore.<\/p>\n<p>Composition : 100% Cotton<\/p>","protected":false},"excerpt":{"rendered":"<p>D\u00e9bardeur l\u00e9ger en tissu tiss\u00e9 \u2014 respirant, polyvalent et parfait pour un style estival au quotidien.<\/p>","protected":false},"featured_media":16242,"comment_status":"open","ping_status":"closed","template":"","meta":{"_uag_custom_page_level_css":"","site-sidebar-layout":"default","site-content-layout":"","ast-site-content-layout":"default","site-content-style":"default","site-sidebar-style":"default","ast-global-header-display":"","ast-banner-title-visibility":"","ast-main-header-display":"","ast-hfb-above-header-display":"","ast-hfb-below-header-display":"","ast-hfb-mobile-header-display":"","site-post-title":"","ast-breadcrumbs-content":"","ast-featured-img":"","footer-sml-layout":"","ast-disable-related-posts":"","theme-transparent-header-meta":"default","adv-header-id-meta":"","stick-header-meta":"","header-above-stick-meta":"","header-main-stick-meta":"","header-below-stick-meta":"","astra-migrate-meta-layouts":"set","ast-page-background-enabled":"default","ast-page-background-meta":{"desktop":{"background-color":"","background-image":"","background-repeat":"repeat","background-position":"center center","background-size":"auto","background-attachment":"scroll","background-type":"","background-media":"","overlay-type":"","overlay-color":"","overlay-opacity":"","overlay-gradient":""},"tablet":{"background-color":"","background-image":"","background-repeat":"repeat","background-position":"center center","background-size":"auto","background-attachment":"scroll","background-type":"","background-media":"","overlay-type":"","overlay-color":"","overlay-opacity":"","overlay-gradient":""},"mobile":{"background-color":"","background-image":"","background-repeat":"repeat","background-position":"center center","background-size":"auto","background-attachment":"scroll","background-type":"","background-media":"","overlay-type":"","overlay-color":"","overlay-opacity":"","overlay-gradient":""}},"ast-content-background-meta":{"desktop":{"background-color":"var(--ast-global-color-5)","background-image":"","background-repeat":"repeat","background-position":"center center","background-size":"auto","background-attachment":"scroll","background-type":"","background-media":"","overlay-type":"","overlay-color":"","overlay-opacity":"","overlay-gradient":""},"tablet":{"background-color":"var(--ast-global-color-5)","background-image":"","background-repeat":"repeat","background-position":"center center","background-size":"auto","background-attachment":"scroll","background-type":"","background-media":"","overlay-type":"","overlay-color":"","overlay-opacity":"","overlay-gradient":""},"mobile":{"background-color":"var(--ast-global-color-5)","background-image":"","background-repeat":"repeat","background-position":"center center","background-size":"auto","background-attachment":"scroll","background-type":"","background-media":"","overlay-type":"","overlay-color":"","overlay-opacity":"","overlay-gradient":""}},"advanced_seo_description":"","jetpack_seo_html_title":"","jetpack_seo_noindex":false},"product_brand":[222],"product_cat":[392],"product_tag":[227,225,544],"class_list":{"0":"post-16192","1":"product","2":"type-product","3":"status-publish","4":"has-post-thumbnail","6":"product_brand-vero-moda","7":"product_cat-blouse","8":"product_tag-100-cotton","9":"product_tag-casual","10":"product_tag-collection-4","11":"pa_color-airy-blue","12":"pa_size-large","13":"pa_size-medium","14":"pa_size-petit","15":"pa_size-extra-large","16":"pa_size-tres-petit","17":"desktop-align-left","18":"tablet-align-left","19":"mobile-align-left","21":"first","22":"instock","23":"taxable","24":"shipping-taxable","25":"purchasable","26":"product-type-variable","27":"has-default-attributes"},"uagb_featured_image_src":{"full":["https:\/\/i0.wp.com\/www.boutiquemystik.com\/wp-content\/uploads\/2026\/04\/vmofia-blue.png?fit=1086%2C1448&ssl=1",1086,1448,false],"thumbnail":["https:\/\/i0.wp.com\/www.boutiquemystik.com\/wp-content\/uploads\/2026\/04\/vmofia-blue.png?resize=150%2C150&ssl=1",150,150,true],"medium":["https:\/\/i0.wp.com\/www.boutiquemystik.com\/wp-content\/uploads\/2026\/04\/vmofia-blue.png?fit=225%2C300&ssl=1",225,300,true],"medium_large":["https:\/\/i0.wp.com\/www.boutiquemystik.com\/wp-content\/uploads\/2026\/04\/vmofia-blue.png?fit=768%2C1024&ssl=1",768,1024,true],"large":["https:\/\/i0.wp.com\/www.boutiquemystik.com\/wp-content\/uploads\/2026\/04\/vmofia-blue.png?fit=768%2C1024&ssl=1",768,1024,true],"1536x1536":["https:\/\/i0.wp.com\/www.boutiquemystik.com\/wp-content\/uploads\/2026\/04\/vmofia-blue.png?fit=1086%2C1448&ssl=1",1086,1448,true],"2048x2048":["https:\/\/i0.wp.com\/www.boutiquemystik.com\/wp-content\/uploads\/2026\/04\/vmofia-blue.png?fit=1086%2C1448&ssl=1",1086,1448,true],"trp-custom-language-flag":["https:\/\/i0.wp.com\/www.boutiquemystik.com\/wp-content\/uploads\/2026\/04\/vmofia-blue.png?fit=9%2C12&ssl=1",9,12,true],"woocommerce_thumbnail":["https:\/\/i0.wp.com\/www.boutiquemystik.com\/wp-content\/uploads\/2026\/04\/vmofia-blue.png?fit=300%2C400&ssl=1",300,400,true],"woocommerce_single":["https:\/\/i0.wp.com\/www.boutiquemystik.com\/wp-content\/uploads\/2026\/04\/vmofia-blue.png?fit=600%2C800&ssl=1",600,800,true],"woocommerce_gallery_thumbnail":["https:\/\/i0.wp.com\/www.boutiquemystik.com\/wp-content\/uploads\/2026\/04\/vmofia-blue.png?resize=100%2C100&ssl=1",100,100,true],"variation_swatches_image_size":["https:\/\/i0.wp.com\/www.boutiquemystik.com\/wp-content\/uploads\/2026\/04\/vmofia-blue.png?resize=50%2C50&ssl=1",50,50,true],"variation_swatches_tooltip_size":["https:\/\/i0.wp.com\/www.boutiquemystik.com\/wp-content\/uploads\/2026\/04\/vmofia-blue.png?resize=100%2C100&ssl=1",100,100,true]},"uagb_author_info":{"display_name":"Boutique Mystik","author_link":"https:\/\/www.boutiquemystik.com\/fr\/author\/"},"uagb_comment_info":0,"uagb_excerpt":"Lightweight woven singlet top\u2014breathable, versatile, and perfect for everyday summer style.","jetpack_sharing_enabled":true,"_links":{"self":[{"href":"https:\/\/www.boutiquemystik.com\/fr\/wp-json\/wp\/v2\/product\/16192","targetHints":{"allow":["GET"]}}],"collection":[{"href":"https:\/\/www.boutiquemystik.com\/fr\/wp-json\/wp\/v2\/product"}],"about":[{"href":"https:\/\/www.boutiquemystik.com\/fr\/wp-json\/wp\/v2\/types\/product"}],"replies":[{"embeddable":true,"href":"https:\/\/www.boutiquemystik.com\/fr\/wp-json\/wp\/v2\/comments?post=16192"}],"wp:featuredmedia":[{"embeddable":true,"href":"https:\/\/www.boutiquemystik.com\/fr\/wp-json\/wp\/v2\/media\/16242"}],"wp:attachment":[{"href":"https:\/\/www.boutiquemystik.com\/fr\/wp-json\/wp\/v2\/media?parent=16192"}],"wp:term":[{"taxonomy":"product_brand","embeddable":true,"href":"https:\/\/www.boutiquemystik.com\/fr\/wp-json\/wp\/v2\/product_brand?post=16192"},{"taxonomy":"product_cat","embeddable":true,"href":"https:\/\/www.boutiquemystik.com\/fr\/wp-json\/wp\/v2\/product_cat?post=16192"},{"taxonomy":"product_tag","embeddable":true,"href":"https:\/\/www.boutiquemystik.com\/fr\/wp-json\/wp\/v2\/product_tag?post=16192"}],"curies":[{"name":"wp","href":"https:\/\/api.w.org\/{rel}","templated":true}]}}