{"id":16395,"date":"2026-04-28T16:42:53","date_gmt":"2026-04-28T20:42:53","guid":{"rendered":"https:\/\/www.boutiquemystik.com\/?post_type=product&#038;p=16395"},"modified":"2026-04-28T16:42:54","modified_gmt":"2026-04-28T20:42:54","slug":"smocked-waist-midi-skirt-3","status":"publish","type":"product","link":"https:\/\/www.boutiquemystik.com\/fr\/produit\/smocked-waist-midi-skirt-3\/","title":{"rendered":"SMOCKED WAIST MIDI SKIRT"},"content":{"rendered":"<p>F\u00e9minine sans effort et facile \u00e0 porter, cette jupe midi \u00e0 taille smock\u00e9e est un indispensable du quotidien. Dot\u00e9e d\u2019une taille smock\u00e9e extensible, elle offre un ajustement confortable et flatteur qui s\u2019adapte \u00e0 votre silhouette. Sa longueur midi cr\u00e9e une allure \u00e9l\u00e9gante, tandis que son tissu l\u00e9ger assure un mouvement fluide et une excellente respirabilit\u00e9. Parfaite pour des looks d\u00e9contract\u00e9s ou plus habill\u00e9s, cette jupe polyvalente se marie facilement avec des hauts ajust\u00e9s, des blouses ou des tricots l\u00e9gers.<\/p>\n<p>Composition : 100% Cotton<\/p>","protected":false},"excerpt":{"rendered":"<p>Jupe midi \u00e0 taille smock\u00e9e avec une coupe fluide \u2014 confortable, flatteuse et facile \u00e0 styliser.<\/p>","protected":false},"featured_media":16401,"comment_status":"open","ping_status":"closed","template":"","meta":{"_uag_custom_page_level_css":"","site-sidebar-layout":"default","site-content-layout":"","ast-site-content-layout":"default","site-content-style":"default","site-sidebar-style":"default","ast-global-header-display":"","ast-banner-title-visibility":"","ast-main-header-display":"","ast-hfb-above-header-display":"","ast-hfb-below-header-display":"","ast-hfb-mobile-header-display":"","site-post-title":"","ast-breadcrumbs-content":"","ast-featured-img":"","footer-sml-layout":"","ast-disable-related-posts":"","theme-transparent-header-meta":"default","adv-header-id-meta":"","stick-header-meta":"","header-above-stick-meta":"","header-main-stick-meta":"","header-below-stick-meta":"","astra-migrate-meta-layouts":"set","ast-page-background-enabled":"default","ast-page-background-meta":{"desktop":{"background-color":"","background-image":"","background-repeat":"repeat","background-position":"center center","background-size":"auto","background-attachment":"scroll","background-type":"","background-media":"","overlay-type":"","overlay-color":"","overlay-opacity":"","overlay-gradient":""},"tablet":{"background-color":"","background-image":"","background-repeat":"repeat","background-position":"center center","background-size":"auto","background-attachment":"scroll","background-type":"","background-media":"","overlay-type":"","overlay-color":"","overlay-opacity":"","overlay-gradient":""},"mobile":{"background-color":"","background-image":"","background-repeat":"repeat","background-position":"center center","background-size":"auto","background-attachment":"scroll","background-type":"","background-media":"","overlay-type":"","overlay-color":"","overlay-opacity":"","overlay-gradient":""}},"ast-content-background-meta":{"desktop":{"background-color":"var(--ast-global-color-5)","background-image":"","background-repeat":"repeat","background-position":"center center","background-size":"auto","background-attachment":"scroll","background-type":"","background-media":"","overlay-type":"","overlay-color":"","overlay-opacity":"","overlay-gradient":""},"tablet":{"background-color":"var(--ast-global-color-5)","background-image":"","background-repeat":"repeat","background-position":"center center","background-size":"auto","background-attachment":"scroll","background-type":"","background-media":"","overlay-type":"","overlay-color":"","overlay-opacity":"","overlay-gradient":""},"mobile":{"background-color":"var(--ast-global-color-5)","background-image":"","background-repeat":"repeat","background-position":"center center","background-size":"auto","background-attachment":"scroll","background-type":"","background-media":"","overlay-type":"","overlay-color":"","overlay-opacity":"","overlay-gradient":""}},"advanced_seo_description":"","jetpack_seo_html_title":"","jetpack_seo_noindex":false},"product_brand":[212],"product_cat":[22],"product_tag":[227,225,544,25],"class_list":{"0":"post-16395","1":"product","2":"type-product","3":"status-publish","4":"has-post-thumbnail","6":"product_brand-dex","7":"product_cat-skirts","8":"product_tag-100-cotton","9":"product_tag-casual","10":"product_tag-collection-4","11":"product_tag-dex","12":"pa_color-vintage-rose","13":"pa_size-large","14":"pa_size-medium","15":"pa_size-petit","16":"pa_size-extra-large","17":"pa_size-tres-petit","18":"desktop-align-left","19":"tablet-align-left","20":"mobile-align-left","22":"first","23":"instock","24":"taxable","25":"shipping-taxable","26":"purchasable","27":"product-type-variable","28":"has-default-attributes"},"uagb_featured_image_src":{"full":["https:\/\/i0.wp.com\/www.boutiquemystik.com\/wp-content\/uploads\/2026\/04\/2722713_93378_05_CR.jpg?fit=1400%2C2200&ssl=1",1400,2200,false],"thumbnail":["https:\/\/i0.wp.com\/www.boutiquemystik.com\/wp-content\/uploads\/2026\/04\/2722713_93378_05_CR.jpg?resize=150%2C150&ssl=1",150,150,true],"medium":["https:\/\/i0.wp.com\/www.boutiquemystik.com\/wp-content\/uploads\/2026\/04\/2722713_93378_05_CR.jpg?fit=191%2C300&ssl=1",191,300,true],"medium_large":["https:\/\/i0.wp.com\/www.boutiquemystik.com\/wp-content\/uploads\/2026\/04\/2722713_93378_05_CR.jpg?fit=768%2C1207&ssl=1",768,1207,true],"large":["https:\/\/i0.wp.com\/www.boutiquemystik.com\/wp-content\/uploads\/2026\/04\/2722713_93378_05_CR.jpg?fit=652%2C1024&ssl=1",652,1024,true],"1536x1536":["https:\/\/i0.wp.com\/www.boutiquemystik.com\/wp-content\/uploads\/2026\/04\/2722713_93378_05_CR.jpg?fit=977%2C1536&ssl=1",977,1536,true],"2048x2048":["https:\/\/i0.wp.com\/www.boutiquemystik.com\/wp-content\/uploads\/2026\/04\/2722713_93378_05_CR.jpg?fit=1303%2C2048&ssl=1",1303,2048,true],"trp-custom-language-flag":["https:\/\/i0.wp.com\/www.boutiquemystik.com\/wp-content\/uploads\/2026\/04\/2722713_93378_05_CR.jpg?fit=8%2C12&ssl=1",8,12,true],"woocommerce_thumbnail":["https:\/\/i0.wp.com\/www.boutiquemystik.com\/wp-content\/uploads\/2026\/04\/2722713_93378_05_CR.jpg?fit=300%2C471&ssl=1",300,471,true],"woocommerce_single":["https:\/\/i0.wp.com\/www.boutiquemystik.com\/wp-content\/uploads\/2026\/04\/2722713_93378_05_CR.jpg?fit=600%2C943&ssl=1",600,943,true],"woocommerce_gallery_thumbnail":["https:\/\/i0.wp.com\/www.boutiquemystik.com\/wp-content\/uploads\/2026\/04\/2722713_93378_05_CR.jpg?resize=100%2C100&ssl=1",100,100,true],"variation_swatches_image_size":["https:\/\/i0.wp.com\/www.boutiquemystik.com\/wp-content\/uploads\/2026\/04\/2722713_93378_05_CR.jpg?resize=50%2C50&ssl=1",50,50,true],"variation_swatches_tooltip_size":["https:\/\/i0.wp.com\/www.boutiquemystik.com\/wp-content\/uploads\/2026\/04\/2722713_93378_05_CR.jpg?resize=100%2C100&ssl=1",100,100,true]},"uagb_author_info":{"display_name":"Boutique Mystik","author_link":"https:\/\/www.boutiquemystik.com\/fr\/author\/"},"uagb_comment_info":0,"uagb_excerpt":"Smocked waist midi skirt with a flowy fit\u2014comfortable, flattering, and easy to style.","jetpack_sharing_enabled":true,"_links":{"self":[{"href":"https:\/\/www.boutiquemystik.com\/fr\/wp-json\/wp\/v2\/product\/16395","targetHints":{"allow":["GET"]}}],"collection":[{"href":"https:\/\/www.boutiquemystik.com\/fr\/wp-json\/wp\/v2\/product"}],"about":[{"href":"https:\/\/www.boutiquemystik.com\/fr\/wp-json\/wp\/v2\/types\/product"}],"replies":[{"embeddable":true,"href":"https:\/\/www.boutiquemystik.com\/fr\/wp-json\/wp\/v2\/comments?post=16395"}],"wp:featuredmedia":[{"embeddable":true,"href":"https:\/\/www.boutiquemystik.com\/fr\/wp-json\/wp\/v2\/media\/16401"}],"wp:attachment":[{"href":"https:\/\/www.boutiquemystik.com\/fr\/wp-json\/wp\/v2\/media?parent=16395"}],"wp:term":[{"taxonomy":"product_brand","embeddable":true,"href":"https:\/\/www.boutiquemystik.com\/fr\/wp-json\/wp\/v2\/product_brand?post=16395"},{"taxonomy":"product_cat","embeddable":true,"href":"https:\/\/www.boutiquemystik.com\/fr\/wp-json\/wp\/v2\/product_cat?post=16395"},{"taxonomy":"product_tag","embeddable":true,"href":"https:\/\/www.boutiquemystik.com\/fr\/wp-json\/wp\/v2\/product_tag?post=16395"}],"curies":[{"name":"wp","href":"https:\/\/api.w.org\/{rel}","templated":true}]}}