{"id":31,"date":"2024-04-10T21:45:23","date_gmt":"2024-04-10T21:45:23","guid":{"rendered":"https:\/\/www.boutiquemystik.com\/?post_type=product&#038;p=31"},"modified":"2025-12-25T18:05:31","modified_gmt":"2025-12-25T23:05:31","slug":"chandail-cotton-m-l","status":"publish","type":"product","link":"https:\/\/www.boutiquemystik.com\/fr\/produit\/chandail-cotton-m-l\/","title":{"rendered":"Chandail en coton M\/L"},"content":{"rendered":"<p><strong>D\u00e9couvrez le confort ultime avec notre chandail en coton de marque ONLY. Fabriqu\u00e9 avec un tissu extraordinaire, ce chandail blanc offre une douceur in\u00e9gal\u00e9e et une durabilit\u00e9 exceptionnelle. Con\u00e7u pour les femmes, il pr\u00e9sente une taille vraie pour un ajustement parfait. Ce chandail n\u2019est pas seulement un v\u00eatement, c\u2019est une exp\u00e9rience\u00a0<\/strong><\/p>","protected":false},"excerpt":{"rendered":"<p>D\u00e9couvrez le confort ultime avec notre chandail en coton de marque ONLY. Fabriqu\u00e9 avec un tissu extraordinaire, ce chandail blanc offre une douceur in\u00e9gal\u00e9e et une durabilit\u00e9 exceptionnelle. Con\u00e7u pour les femmes, il pr\u00e9sente une taille vraie pour un ajustement parfait. Ce chandail n\u2019est pas seulement un v\u00eatement, c\u2019est une exp\u00e9rience\u00a0<\/p>","protected":false},"featured_media":32,"comment_status":"open","ping_status":"closed","template":"","meta":{"_uag_custom_page_level_css":"","site-sidebar-layout":"default","site-content-layout":"","ast-site-content-layout":"default","site-content-style":"default","site-sidebar-style":"default","ast-global-header-display":"","ast-banner-title-visibility":"","ast-main-header-display":"","ast-hfb-above-header-display":"","ast-hfb-below-header-display":"","ast-hfb-mobile-header-display":"","site-post-title":"","ast-breadcrumbs-content":"","ast-featured-img":"","footer-sml-layout":"","ast-disable-related-posts":"","theme-transparent-header-meta":"","adv-header-id-meta":"","stick-header-meta":"","header-above-stick-meta":"","header-main-stick-meta":"","header-below-stick-meta":"","astra-migrate-meta-layouts":"default","ast-page-background-enabled":"default","ast-page-background-meta":{"desktop":{"background-color":"","background-image":"","background-repeat":"repeat","background-position":"center center","background-size":"auto","background-attachment":"scroll","background-type":"","background-media":"","overlay-type":"","overlay-color":"","overlay-opacity":"","overlay-gradient":""},"tablet":{"background-color":"","background-image":"","background-repeat":"repeat","background-position":"center center","background-size":"auto","background-attachment":"scroll","background-type":"","background-media":"","overlay-type":"","overlay-color":"","overlay-opacity":"","overlay-gradient":""},"mobile":{"background-color":"","background-image":"","background-repeat":"repeat","background-position":"center center","background-size":"auto","background-attachment":"scroll","background-type":"","background-media":"","overlay-type":"","overlay-color":"","overlay-opacity":"","overlay-gradient":""}},"ast-content-background-meta":{"desktop":{"background-color":"var(--ast-global-color-5)","background-image":"","background-repeat":"repeat","background-position":"center center","background-size":"auto","background-attachment":"scroll","background-type":"","background-media":"","overlay-type":"","overlay-color":"","overlay-opacity":"","overlay-gradient":""},"tablet":{"background-color":"var(--ast-global-color-5)","background-image":"","background-repeat":"repeat","background-position":"center center","background-size":"auto","background-attachment":"scroll","background-type":"","background-media":"","overlay-type":"","overlay-color":"","overlay-opacity":"","overlay-gradient":""},"mobile":{"background-color":"var(--ast-global-color-5)","background-image":"","background-repeat":"repeat","background-position":"center center","background-size":"auto","background-attachment":"scroll","background-type":"","background-media":"","overlay-type":"","overlay-color":"","overlay-opacity":"","overlay-gradient":""}},"advanced_seo_description":"","jetpack_seo_html_title":"","jetpack_seo_noindex":false},"product_brand":[],"product_cat":[18],"product_tag":[],"class_list":{"0":"post-31","1":"product","2":"type-product","3":"status-publish","4":"has-post-thumbnail","6":"product_cat-pullover","7":"desktop-align-left","8":"tablet-align-left","9":"mobile-align-left","11":"first","12":"instock","13":"taxable","14":"shipping-taxable","15":"purchasable","16":"product-type-variable","17":"has-default-attributes"},"uagb_featured_image_src":{"full":["https:\/\/i0.wp.com\/www.boutiquemystik.com\/wp-content\/uploads\/2024\/02\/Only-haut-noir.jpeg?fit=651%2C880&ssl=1",651,880,false],"thumbnail":["https:\/\/i0.wp.com\/www.boutiquemystik.com\/wp-content\/uploads\/2024\/02\/Only-haut-noir.jpeg?resize=150%2C150&ssl=1",150,150,true],"medium":["https:\/\/i0.wp.com\/www.boutiquemystik.com\/wp-content\/uploads\/2024\/02\/Only-haut-noir.jpeg?fit=222%2C300&ssl=1",222,300,true],"medium_large":["https:\/\/i0.wp.com\/www.boutiquemystik.com\/wp-content\/uploads\/2024\/02\/Only-haut-noir.jpeg?fit=651%2C880&ssl=1",651,880,true],"large":["https:\/\/i0.wp.com\/www.boutiquemystik.com\/wp-content\/uploads\/2024\/02\/Only-haut-noir.jpeg?fit=651%2C880&ssl=1",651,880,true],"1536x1536":["https:\/\/i0.wp.com\/www.boutiquemystik.com\/wp-content\/uploads\/2024\/02\/Only-haut-noir.jpeg?fit=651%2C880&ssl=1",651,880,true],"2048x2048":["https:\/\/i0.wp.com\/www.boutiquemystik.com\/wp-content\/uploads\/2024\/02\/Only-haut-noir.jpeg?fit=651%2C880&ssl=1",651,880,true],"trp-custom-language-flag":["https:\/\/i0.wp.com\/www.boutiquemystik.com\/wp-content\/uploads\/2024\/02\/Only-haut-noir.jpeg?fit=9%2C12&ssl=1",9,12,true],"woocommerce_thumbnail":["https:\/\/i0.wp.com\/www.boutiquemystik.com\/wp-content\/uploads\/2024\/02\/Only-haut-noir.jpeg?fit=300%2C406&ssl=1",300,406,true],"woocommerce_single":["https:\/\/i0.wp.com\/www.boutiquemystik.com\/wp-content\/uploads\/2024\/02\/Only-haut-noir.jpeg?fit=600%2C811&ssl=1",600,811,true],"woocommerce_gallery_thumbnail":["https:\/\/i0.wp.com\/www.boutiquemystik.com\/wp-content\/uploads\/2024\/02\/Only-haut-noir.jpeg?resize=100%2C100&ssl=1",100,100,true],"variation_swatches_image_size":["https:\/\/i0.wp.com\/www.boutiquemystik.com\/wp-content\/uploads\/2024\/02\/Only-haut-noir.jpeg?resize=50%2C50&ssl=1",50,50,true],"variation_swatches_tooltip_size":["https:\/\/i0.wp.com\/www.boutiquemystik.com\/wp-content\/uploads\/2024\/02\/Only-haut-noir.jpeg?resize=100%2C100&ssl=1",100,100,true]},"uagb_author_info":{"display_name":"Boutique Mystik","author_link":"https:\/\/www.boutiquemystik.com\/fr\/author\/"},"uagb_comment_info":0,"uagb_excerpt":"D\u00e9couvrez le confort ultime avec notre chandail en coton de marque ONLY. Fabriqu\u00e9 avec un tissu extraordinaire, ce chandail blanc offre une douceur in\u00e9gal\u00e9e et une durabilit\u00e9 exceptionnelle. Con\u00e7u pour les femmes, il pr\u00e9sente une taille vraie pour un ajustement parfait. Ce chandail n\u2019est pas seulement un v\u00eatement, c\u2019est une exp\u00e9rience\u00a0","jetpack_sharing_enabled":true,"_links":{"self":[{"href":"https:\/\/www.boutiquemystik.com\/fr\/wp-json\/wp\/v2\/product\/31","targetHints":{"allow":["GET"]}}],"collection":[{"href":"https:\/\/www.boutiquemystik.com\/fr\/wp-json\/wp\/v2\/product"}],"about":[{"href":"https:\/\/www.boutiquemystik.com\/fr\/wp-json\/wp\/v2\/types\/product"}],"replies":[{"embeddable":true,"href":"https:\/\/www.boutiquemystik.com\/fr\/wp-json\/wp\/v2\/comments?post=31"}],"wp:featuredmedia":[{"embeddable":true,"href":"https:\/\/www.boutiquemystik.com\/fr\/wp-json\/wp\/v2\/media\/32"}],"wp:attachment":[{"href":"https:\/\/www.boutiquemystik.com\/fr\/wp-json\/wp\/v2\/media?parent=31"}],"wp:term":[{"taxonomy":"product_brand","embeddable":true,"href":"https:\/\/www.boutiquemystik.com\/fr\/wp-json\/wp\/v2\/product_brand?post=31"},{"taxonomy":"product_cat","embeddable":true,"href":"https:\/\/www.boutiquemystik.com\/fr\/wp-json\/wp\/v2\/product_cat?post=31"},{"taxonomy":"product_tag","embeddable":true,"href":"https:\/\/www.boutiquemystik.com\/fr\/wp-json\/wp\/v2\/product_tag?post=31"}],"curies":[{"name":"wp","href":"https:\/\/api.w.org\/{rel}","templated":true}]}}