{"id":482,"date":"2024-08-26T11:35:14","date_gmt":"2024-08-26T15:35:14","guid":{"rendered":"https:\/\/www.boutiquemystik.com\/?post_type=product&#038;p=482"},"modified":"2026-04-11T16:42:14","modified_gmt":"2026-04-11T20:42:14","slug":"onlcarol-cardigan-tricote","status":"publish","type":"product","link":"https:\/\/www.boutiquemystik.com\/fr\/produit\/onlcarol-cardigan-tricote\/","title":{"rendered":"Onlcarol Cardigan Tricot\u00e9"},"content":{"rendered":"<p>Compl\u00e9tez votre look avec un cardigan tricot\u00e9 essentiel dans n\u2019importe quelle garde-robe et parfait pour les jours d\u2019hiver et les soir\u00e9es d\u2019\u00e9t\u00e9.<br \/>\n&#8211; Type de produit : Cardigan tricot\u00e9<br \/>\n&#8211; Cou : Col en V<br \/>\n&#8211; Manche : Manches longues (L\/S)<br \/>\n&#8211; Manches : \u00c9paules tomb\u00e9es<br \/>\n&#8211; Poignets : Poignets nervur\u00e9s<br \/>\n&#8211; Fermeture : Fixation du bouton<br \/>\n&#8211; Ajustement : Ajustement r\u00e9gulier<\/p>\n<p>Composition: 100% Acrylic<\/p>","protected":false},"excerpt":{"rendered":"<p>Compl\u00e9tez votre look avec un cardigan tricot\u00e9 essentiel dans n\u2019importe quelle garde-robe et parfait pour les jours d\u2019hiver et les soir\u00e9es d\u2019\u00e9t\u00e9. &#8211; Type de produit : Cardigan tricot\u00e9 &#8211; Cou : Col en V &#8211; Manche : Manches longues (L\/S) &#8211; Manches : \u00c9paules tomb\u00e9es &#8211; Poignets : Poignets nervur\u00e9s &#8211; Fermeture : Fixation [&hellip;]<\/p>\n","protected":false},"featured_media":491,"comment_status":"open","ping_status":"closed","template":"","meta":{"_uag_custom_page_level_css":"","site-sidebar-layout":"default","site-content-layout":"","ast-site-content-layout":"default","site-content-style":"default","site-sidebar-style":"default","ast-global-header-display":"","ast-banner-title-visibility":"","ast-main-header-display":"","ast-hfb-above-header-display":"","ast-hfb-below-header-display":"","ast-hfb-mobile-header-display":"","site-post-title":"","ast-breadcrumbs-content":"","ast-featured-img":"","footer-sml-layout":"","ast-disable-related-posts":"","theme-transparent-header-meta":"","adv-header-id-meta":"","stick-header-meta":"","header-above-stick-meta":"","header-main-stick-meta":"","header-below-stick-meta":"","astra-migrate-meta-layouts":"default","ast-page-background-enabled":"default","ast-page-background-meta":{"desktop":{"background-color":"","background-image":"","background-repeat":"repeat","background-position":"center center","background-size":"auto","background-attachment":"scroll","background-type":"","background-media":"","overlay-type":"","overlay-color":"","overlay-opacity":"","overlay-gradient":""},"tablet":{"background-color":"","background-image":"","background-repeat":"repeat","background-position":"center center","background-size":"auto","background-attachment":"scroll","background-type":"","background-media":"","overlay-type":"","overlay-color":"","overlay-opacity":"","overlay-gradient":""},"mobile":{"background-color":"","background-image":"","background-repeat":"repeat","background-position":"center center","background-size":"auto","background-attachment":"scroll","background-type":"","background-media":"","overlay-type":"","overlay-color":"","overlay-opacity":"","overlay-gradient":""}},"ast-content-background-meta":{"desktop":{"background-color":"var(--ast-global-color-5)","background-image":"","background-repeat":"repeat","background-position":"center center","background-size":"auto","background-attachment":"scroll","background-type":"","background-media":"","overlay-type":"","overlay-color":"","overlay-opacity":"","overlay-gradient":""},"tablet":{"background-color":"var(--ast-global-color-5)","background-image":"","background-repeat":"repeat","background-position":"center center","background-size":"auto","background-attachment":"scroll","background-type":"","background-media":"","overlay-type":"","overlay-color":"","overlay-opacity":"","overlay-gradient":""},"mobile":{"background-color":"var(--ast-global-color-5)","background-image":"","background-repeat":"repeat","background-position":"center center","background-size":"auto","background-attachment":"scroll","background-type":"","background-media":"","overlay-type":"","overlay-color":"","overlay-opacity":"","overlay-gradient":""}},"advanced_seo_description":"","jetpack_seo_html_title":"","jetpack_seo_noindex":false},"product_brand":[],"product_cat":[44],"product_tag":[24],"class_list":{"0":"post-482","1":"product","2":"type-product","3":"status-publish","4":"has-post-thumbnail","6":"product_cat-cardigans","7":"product_tag-only","8":"desktop-align-left","9":"tablet-align-left","10":"mobile-align-left","12":"first","13":"instock","14":"taxable","15":"shipping-taxable","16":"purchasable","17":"product-type-variable"},"uagb_featured_image_src":{"full":["https:\/\/i0.wp.com\/www.boutiquemystik.com\/wp-content\/uploads\/2024\/08\/on__3845776__front.jpg?fit=1125%2C1500&ssl=1",1125,1500,false],"thumbnail":["https:\/\/i0.wp.com\/www.boutiquemystik.com\/wp-content\/uploads\/2024\/08\/on__3845776__front.jpg?resize=150%2C150&ssl=1",150,150,true],"medium":["https:\/\/i0.wp.com\/www.boutiquemystik.com\/wp-content\/uploads\/2024\/08\/on__3845776__front.jpg?fit=225%2C300&ssl=1",225,300,true],"medium_large":["https:\/\/i0.wp.com\/www.boutiquemystik.com\/wp-content\/uploads\/2024\/08\/on__3845776__front.jpg?fit=768%2C1024&ssl=1",768,1024,true],"large":["https:\/\/i0.wp.com\/www.boutiquemystik.com\/wp-content\/uploads\/2024\/08\/on__3845776__front.jpg?fit=768%2C1024&ssl=1",768,1024,true],"1536x1536":["https:\/\/i0.wp.com\/www.boutiquemystik.com\/wp-content\/uploads\/2024\/08\/on__3845776__front.jpg?fit=1125%2C1500&ssl=1",1125,1500,true],"2048x2048":["https:\/\/i0.wp.com\/www.boutiquemystik.com\/wp-content\/uploads\/2024\/08\/on__3845776__front.jpg?fit=1125%2C1500&ssl=1",1125,1500,true],"trp-custom-language-flag":["https:\/\/i0.wp.com\/www.boutiquemystik.com\/wp-content\/uploads\/2024\/08\/on__3845776__front.jpg?fit=9%2C12&ssl=1",9,12,true],"woocommerce_thumbnail":["https:\/\/i0.wp.com\/www.boutiquemystik.com\/wp-content\/uploads\/2024\/08\/on__3845776__front.jpg?fit=300%2C400&ssl=1",300,400,true],"woocommerce_single":["https:\/\/i0.wp.com\/www.boutiquemystik.com\/wp-content\/uploads\/2024\/08\/on__3845776__front.jpg?fit=600%2C800&ssl=1",600,800,true],"woocommerce_gallery_thumbnail":["https:\/\/i0.wp.com\/www.boutiquemystik.com\/wp-content\/uploads\/2024\/08\/on__3845776__front.jpg?resize=100%2C100&ssl=1",100,100,true],"variation_swatches_image_size":["https:\/\/i0.wp.com\/www.boutiquemystik.com\/wp-content\/uploads\/2024\/08\/on__3845776__front.jpg?resize=50%2C50&ssl=1",50,50,true],"variation_swatches_tooltip_size":["https:\/\/i0.wp.com\/www.boutiquemystik.com\/wp-content\/uploads\/2024\/08\/on__3845776__front.jpg?resize=100%2C100&ssl=1",100,100,true]},"uagb_author_info":{"display_name":"Boutique Mystik","author_link":"https:\/\/www.boutiquemystik.com\/fr\/author\/"},"uagb_comment_info":0,"uagb_excerpt":"Compl\u00e9tez votre look avec un cardigan tricot\u00e9 essentiel dans n\u2019importe quelle garde-robe et parfait pour les jours d\u2019hiver et les soir\u00e9es d\u2019\u00e9t\u00e9. &#8211; Type de produit : Cardigan tricot\u00e9 &#8211; Cou : Col en V &#8211; Manche : Manches longues (L\/S) &#8211; Manches : \u00c9paules tomb\u00e9es &#8211; Poignets : Poignets nervur\u00e9s &#8211; Fermeture : Fixation&hellip;","jetpack_sharing_enabled":true,"_links":{"self":[{"href":"https:\/\/www.boutiquemystik.com\/fr\/wp-json\/wp\/v2\/product\/482","targetHints":{"allow":["GET"]}}],"collection":[{"href":"https:\/\/www.boutiquemystik.com\/fr\/wp-json\/wp\/v2\/product"}],"about":[{"href":"https:\/\/www.boutiquemystik.com\/fr\/wp-json\/wp\/v2\/types\/product"}],"replies":[{"embeddable":true,"href":"https:\/\/www.boutiquemystik.com\/fr\/wp-json\/wp\/v2\/comments?post=482"}],"wp:featuredmedia":[{"embeddable":true,"href":"https:\/\/www.boutiquemystik.com\/fr\/wp-json\/wp\/v2\/media\/491"}],"wp:attachment":[{"href":"https:\/\/www.boutiquemystik.com\/fr\/wp-json\/wp\/v2\/media?parent=482"}],"wp:term":[{"taxonomy":"product_brand","embeddable":true,"href":"https:\/\/www.boutiquemystik.com\/fr\/wp-json\/wp\/v2\/product_brand?post=482"},{"taxonomy":"product_cat","embeddable":true,"href":"https:\/\/www.boutiquemystik.com\/fr\/wp-json\/wp\/v2\/product_cat?post=482"},{"taxonomy":"product_tag","embeddable":true,"href":"https:\/\/www.boutiquemystik.com\/fr\/wp-json\/wp\/v2\/product_tag?post=482"}],"curies":[{"name":"wp","href":"https:\/\/api.w.org\/{rel}","templated":true}]}}