{"id":5324,"date":"2025-02-26T17:38:44","date_gmt":"2025-02-26T22:38:44","guid":{"rendered":"https:\/\/www.boutiquemystik.com\/?post_type=product&#038;p=5324"},"modified":"2025-12-25T18:05:16","modified_gmt":"2025-12-25T23:05:16","slug":"tizana-cotton-cozy-fit-pants","status":"publish","type":"product","link":"https:\/\/www.boutiquemystik.com\/fr\/produit\/tizana-cotton-cozy-fit-pants\/","title":{"rendered":"TIZANA PANTALONS AJUST\u00c9S EN COTTON"},"content":{"rendered":"<div class=\"u-mb-md\">\n<h5>Plus Sur Tizana Pantalon<\/h5>\n<ul>\n<li class=\"ProductDetail-module__productDrawerInfo__k7MX5\">\u2013 Type De Produit : Pantalon<\/li>\n<li class=\"ProductDetail-module__productDrawerInfo__k7MX5\">\u2013 Fermeture : Cordon de fixation<\/li>\n<li class=\"ProductDetail-module__productDrawerInfo__k7MX5\">\u2013 Poches : poches Lat\u00e9rales<\/li>\n<li class=\"ProductDetail-module__productDrawerInfo__k7MX5\">\u2013 Informations suppl\u00e9mentaires : taille \u00c9lastique<\/li>\n<li class=\"ProductDetail-module__productDrawerInfo__k7MX5\">Fit : Coupe r\u00e9guli\u00e8re<\/li>\n<\/ul>\n<\/div>\n<div class=\"u-mb-md\">\n<h4>Description de la qualit\u00e9<\/h4>\n<ul>\n<li class=\"ProductDetail-module__productDrawerInfo__k7MX5\">Sexe: Femme<\/li>\n<li class=\"ProductDetail-module__productDrawerInfo__k7MX5\">Fabrication:  Fabrication tiss\u00e9e<\/li>\n<li class=\"ProductDetail-module__productDrawerInfo__k7MX5\">D\u00e9tail: armure toile<\/li>\n<li class=\"ProductDetail-module__productDrawerInfo__k7MX5\">Style Type: PANTALON<\/li>\n<li class=\"ProductDetail-module__productDrawerInfo__k7MX5\">Composition: 100% Coton<\/li>\n<\/ul>\n<\/div>","protected":false},"excerpt":{"rendered":"<p class=\"ProductDetail-module__productDrawerInfo__k7MX5\">Aucune garde-robe n'est compl\u00e8te sans un doux, intemporel, styles de base, parfait pour toute occasion et  saison. Le coton est compos\u00e9 de fibres naturelles cr\u00e9ant un  doux  tissu qui respire super bien.<\/p>","protected":false},"featured_media":5334,"comment_status":"open","ping_status":"closed","template":"","meta":{"_uag_custom_page_level_css":"","site-sidebar-layout":"default","site-content-layout":"","ast-site-content-layout":"default","site-content-style":"default","site-sidebar-style":"default","ast-global-header-display":"","ast-banner-title-visibility":"","ast-main-header-display":"","ast-hfb-above-header-display":"","ast-hfb-below-header-display":"","ast-hfb-mobile-header-display":"","site-post-title":"","ast-breadcrumbs-content":"","ast-featured-img":"","footer-sml-layout":"","ast-disable-related-posts":"","theme-transparent-header-meta":"default","adv-header-id-meta":"","stick-header-meta":"default","header-above-stick-meta":"","header-main-stick-meta":"","header-below-stick-meta":"","astra-migrate-meta-layouts":"set","ast-page-background-enabled":"default","ast-page-background-meta":{"desktop":{"background-color":"","background-image":"","background-repeat":"repeat","background-position":"center center","background-size":"auto","background-attachment":"scroll","background-type":"","background-media":"","overlay-type":"","overlay-color":"","overlay-opacity":"","overlay-gradient":""},"tablet":{"background-color":"","background-image":"","background-repeat":"repeat","background-position":"center center","background-size":"auto","background-attachment":"scroll","background-type":"","background-media":"","overlay-type":"","overlay-color":"","overlay-opacity":"","overlay-gradient":""},"mobile":{"background-color":"","background-image":"","background-repeat":"repeat","background-position":"center center","background-size":"auto","background-attachment":"scroll","background-type":"","background-media":"","overlay-type":"","overlay-color":"","overlay-opacity":"","overlay-gradient":""}},"ast-content-background-meta":{"desktop":{"background-color":"var(--ast-global-color-5)","background-image":"","background-repeat":"repeat","background-position":"center center","background-size":"auto","background-attachment":"scroll","background-type":"","background-media":"","overlay-type":"","overlay-color":"","overlay-opacity":"","overlay-gradient":""},"tablet":{"background-color":"var(--ast-global-color-5)","background-image":"","background-repeat":"repeat","background-position":"center center","background-size":"auto","background-attachment":"scroll","background-type":"","background-media":"","overlay-type":"","overlay-color":"","overlay-opacity":"","overlay-gradient":""},"mobile":{"background-color":"var(--ast-global-color-5)","background-image":"","background-repeat":"repeat","background-position":"center center","background-size":"auto","background-attachment":"scroll","background-type":"","background-media":"","overlay-type":"","overlay-color":"","overlay-opacity":"","overlay-gradient":""}},"advanced_seo_description":"","jetpack_seo_html_title":"","jetpack_seo_noindex":false},"product_brand":[213],"product_cat":[16],"product_tag":[227,225,216],"class_list":{"0":"post-5324","1":"product","2":"type-product","3":"status-publish","4":"has-post-thumbnail","6":"product_brand-only","7":"product_cat-pants","8":"product_tag-100-cotton","9":"product_tag-casual","10":"product_tag-spring-summer","11":"pa_color-grape-leaf","12":"pa_size-large","13":"pa_size-medium","14":"pa_size-petit","15":"pa_size-extra-large","16":"pa_size-tres-petit","17":"desktop-align-left","18":"tablet-align-left","19":"mobile-align-left","21":"first","22":"instock","23":"taxable","24":"shipping-taxable","25":"purchasable","26":"product-type-variable","27":"has-default-attributes"},"uagb_featured_image_src":{"full":["https:\/\/i0.wp.com\/www.boutiquemystik.com\/wp-content\/uploads\/2025\/02\/15319090-TIZANA-PANTS-FRONT-MODEL.webp?fit=1350%2C1800&ssl=1",1350,1800,false],"thumbnail":["https:\/\/i0.wp.com\/www.boutiquemystik.com\/wp-content\/uploads\/2025\/02\/15319090-TIZANA-PANTS-FRONT-MODEL.webp?resize=150%2C150&ssl=1",150,150,true],"medium":["https:\/\/i0.wp.com\/www.boutiquemystik.com\/wp-content\/uploads\/2025\/02\/15319090-TIZANA-PANTS-FRONT-MODEL.webp?fit=225%2C300&ssl=1",225,300,true],"medium_large":["https:\/\/i0.wp.com\/www.boutiquemystik.com\/wp-content\/uploads\/2025\/02\/15319090-TIZANA-PANTS-FRONT-MODEL.webp?fit=768%2C1024&ssl=1",768,1024,true],"large":["https:\/\/i0.wp.com\/www.boutiquemystik.com\/wp-content\/uploads\/2025\/02\/15319090-TIZANA-PANTS-FRONT-MODEL.webp?fit=768%2C1024&ssl=1",768,1024,true],"1536x1536":["https:\/\/i0.wp.com\/www.boutiquemystik.com\/wp-content\/uploads\/2025\/02\/15319090-TIZANA-PANTS-FRONT-MODEL.webp?fit=1152%2C1536&ssl=1",1152,1536,true],"2048x2048":["https:\/\/i0.wp.com\/www.boutiquemystik.com\/wp-content\/uploads\/2025\/02\/15319090-TIZANA-PANTS-FRONT-MODEL.webp?fit=1350%2C1800&ssl=1",1350,1800,true],"trp-custom-language-flag":["https:\/\/i0.wp.com\/www.boutiquemystik.com\/wp-content\/uploads\/2025\/02\/15319090-TIZANA-PANTS-FRONT-MODEL.webp?fit=9%2C12&ssl=1",9,12,true],"woocommerce_thumbnail":["https:\/\/i0.wp.com\/www.boutiquemystik.com\/wp-content\/uploads\/2025\/02\/15319090-TIZANA-PANTS-FRONT-MODEL.webp?fit=300%2C400&ssl=1",300,400,true],"woocommerce_single":["https:\/\/i0.wp.com\/www.boutiquemystik.com\/wp-content\/uploads\/2025\/02\/15319090-TIZANA-PANTS-FRONT-MODEL.webp?fit=600%2C800&ssl=1",600,800,true],"woocommerce_gallery_thumbnail":["https:\/\/i0.wp.com\/www.boutiquemystik.com\/wp-content\/uploads\/2025\/02\/15319090-TIZANA-PANTS-FRONT-MODEL.webp?resize=100%2C100&ssl=1",100,100,true],"variation_swatches_image_size":["https:\/\/i0.wp.com\/www.boutiquemystik.com\/wp-content\/uploads\/2025\/02\/15319090-TIZANA-PANTS-FRONT-MODEL.webp?resize=50%2C50&ssl=1",50,50,true],"variation_swatches_tooltip_size":["https:\/\/i0.wp.com\/www.boutiquemystik.com\/wp-content\/uploads\/2025\/02\/15319090-TIZANA-PANTS-FRONT-MODEL.webp?resize=100%2C100&ssl=1",100,100,true]},"uagb_author_info":{"display_name":"Boutique Mystik","author_link":"https:\/\/www.boutiquemystik.com\/fr\/author\/"},"uagb_comment_info":0,"uagb_excerpt":"No wardrobe is complete without soft, timeless, basic styles, perfect for any occasion and season. Cotton is made of natural fibers creating a soft and breathable fabric.","jetpack_sharing_enabled":true,"_links":{"self":[{"href":"https:\/\/www.boutiquemystik.com\/fr\/wp-json\/wp\/v2\/product\/5324","targetHints":{"allow":["GET"]}}],"collection":[{"href":"https:\/\/www.boutiquemystik.com\/fr\/wp-json\/wp\/v2\/product"}],"about":[{"href":"https:\/\/www.boutiquemystik.com\/fr\/wp-json\/wp\/v2\/types\/product"}],"replies":[{"embeddable":true,"href":"https:\/\/www.boutiquemystik.com\/fr\/wp-json\/wp\/v2\/comments?post=5324"}],"wp:featuredmedia":[{"embeddable":true,"href":"https:\/\/www.boutiquemystik.com\/fr\/wp-json\/wp\/v2\/media\/5334"}],"wp:attachment":[{"href":"https:\/\/www.boutiquemystik.com\/fr\/wp-json\/wp\/v2\/media?parent=5324"}],"wp:term":[{"taxonomy":"product_brand","embeddable":true,"href":"https:\/\/www.boutiquemystik.com\/fr\/wp-json\/wp\/v2\/product_brand?post=5324"},{"taxonomy":"product_cat","embeddable":true,"href":"https:\/\/www.boutiquemystik.com\/fr\/wp-json\/wp\/v2\/product_cat?post=5324"},{"taxonomy":"product_tag","embeddable":true,"href":"https:\/\/www.boutiquemystik.com\/fr\/wp-json\/wp\/v2\/product_tag?post=5324"}],"curies":[{"name":"wp","href":"https:\/\/api.w.org\/{rel}","templated":true}]}}