{"id":570,"date":"2024-08-27T11:31:03","date_gmt":"2024-08-27T15:31:03","guid":{"rendered":"https:\/\/www.boutiquemystik.com\/?post_type=product&#038;p=570"},"modified":"2025-12-25T18:05:30","modified_gmt":"2025-12-25T23:05:30","slug":"onlsania-shorts-jrs","status":"publish","type":"product","link":"https:\/\/www.boutiquemystik.com\/fr\/produit\/onlsania-shorts-jrs\/","title":{"rendered":"ONLSANIA SHORTS JRS"},"content":{"rendered":"<ul>\n<li>Short Only<\/li>\n<li>Bande \u00e9lastique \u00e0 la taille<\/li>\n<li>Faux bouton \u00e0 l&#8217;avant<\/li>\n<li>2 poches aux hanches<\/li>\n<li>95% Polyester, 5% \u00c9lasthanne<\/li>\n<\/ul>","protected":false},"excerpt":{"rendered":"<p>Short Only Bande \u00e9lastique \u00e0 la taille Faux bouton \u00e0 l&#8217;avant 2 poches aux hanches 95% Polyester, 5% \u00c9lasthanne<\/p>","protected":false},"featured_media":576,"comment_status":"open","ping_status":"closed","template":"","meta":{"_uag_custom_page_level_css":"","site-sidebar-layout":"default","site-content-layout":"","ast-site-content-layout":"default","site-content-style":"default","site-sidebar-style":"default","ast-global-header-display":"","ast-banner-title-visibility":"","ast-main-header-display":"","ast-hfb-above-header-display":"","ast-hfb-below-header-display":"","ast-hfb-mobile-header-display":"","site-post-title":"","ast-breadcrumbs-content":"","ast-featured-img":"","footer-sml-layout":"","ast-disable-related-posts":"","theme-transparent-header-meta":"","adv-header-id-meta":"","stick-header-meta":"","header-above-stick-meta":"","header-main-stick-meta":"","header-below-stick-meta":"","astra-migrate-meta-layouts":"default","ast-page-background-enabled":"default","ast-page-background-meta":{"desktop":{"background-color":"","background-image":"","background-repeat":"repeat","background-position":"center center","background-size":"auto","background-attachment":"scroll","background-type":"","background-media":"","overlay-type":"","overlay-color":"","overlay-opacity":"","overlay-gradient":""},"tablet":{"background-color":"","background-image":"","background-repeat":"repeat","background-position":"center center","background-size":"auto","background-attachment":"scroll","background-type":"","background-media":"","overlay-type":"","overlay-color":"","overlay-opacity":"","overlay-gradient":""},"mobile":{"background-color":"","background-image":"","background-repeat":"repeat","background-position":"center center","background-size":"auto","background-attachment":"scroll","background-type":"","background-media":"","overlay-type":"","overlay-color":"","overlay-opacity":"","overlay-gradient":""}},"ast-content-background-meta":{"desktop":{"background-color":"var(--ast-global-color-5)","background-image":"","background-repeat":"repeat","background-position":"center center","background-size":"auto","background-attachment":"scroll","background-type":"","background-media":"","overlay-type":"","overlay-color":"","overlay-opacity":"","overlay-gradient":""},"tablet":{"background-color":"var(--ast-global-color-5)","background-image":"","background-repeat":"repeat","background-position":"center center","background-size":"auto","background-attachment":"scroll","background-type":"","background-media":"","overlay-type":"","overlay-color":"","overlay-opacity":"","overlay-gradient":""},"mobile":{"background-color":"var(--ast-global-color-5)","background-image":"","background-repeat":"repeat","background-position":"center center","background-size":"auto","background-attachment":"scroll","background-type":"","background-media":"","overlay-type":"","overlay-color":"","overlay-opacity":"","overlay-gradient":""}},"advanced_seo_description":"","jetpack_seo_html_title":"","jetpack_seo_noindex":false},"product_brand":[],"product_cat":[56],"product_tag":[24],"class_list":{"0":"post-570","1":"product","2":"type-product","3":"status-publish","4":"has-post-thumbnail","6":"product_cat-shorts","7":"product_tag-only","8":"pa_size-large","9":"pa_size-medium","10":"pa_size-petit","11":"pa_size-extra-large","12":"pa_size-tres-petit","13":"desktop-align-left","14":"tablet-align-left","15":"mobile-align-left","17":"first","18":"instock","19":"taxable","20":"shipping-taxable","21":"purchasable","22":"product-type-variable"},"uagb_featured_image_src":{"full":["https:\/\/i0.wp.com\/www.boutiquemystik.com\/wp-content\/uploads\/2024\/08\/only-onlsania-belt-button-shorts-black_9-scaled.jpg?fit=1772%2C2560&ssl=1",1772,2560,false],"thumbnail":["https:\/\/i0.wp.com\/www.boutiquemystik.com\/wp-content\/uploads\/2024\/08\/only-onlsania-belt-button-shorts-black_9-scaled.jpg?resize=150%2C150&ssl=1",150,150,true],"medium":["https:\/\/i0.wp.com\/www.boutiquemystik.com\/wp-content\/uploads\/2024\/08\/only-onlsania-belt-button-shorts-black_9-scaled.jpg?fit=208%2C300&ssl=1",208,300,true],"medium_large":["https:\/\/i0.wp.com\/www.boutiquemystik.com\/wp-content\/uploads\/2024\/08\/only-onlsania-belt-button-shorts-black_9-scaled.jpg?fit=768%2C1109&ssl=1",768,1109,true],"large":["https:\/\/i0.wp.com\/www.boutiquemystik.com\/wp-content\/uploads\/2024\/08\/only-onlsania-belt-button-shorts-black_9-scaled.jpg?fit=709%2C1024&ssl=1",709,1024,true],"1536x1536":["https:\/\/i0.wp.com\/www.boutiquemystik.com\/wp-content\/uploads\/2024\/08\/only-onlsania-belt-button-shorts-black_9-scaled.jpg?fit=1063%2C1536&ssl=1",1063,1536,true],"2048x2048":["https:\/\/i0.wp.com\/www.boutiquemystik.com\/wp-content\/uploads\/2024\/08\/only-onlsania-belt-button-shorts-black_9-scaled.jpg?fit=1418%2C2048&ssl=1",1418,2048,true],"trp-custom-language-flag":["https:\/\/i0.wp.com\/www.boutiquemystik.com\/wp-content\/uploads\/2024\/08\/only-onlsania-belt-button-shorts-black_9-scaled.jpg?fit=8%2C12&ssl=1",8,12,true],"woocommerce_thumbnail":["https:\/\/i0.wp.com\/www.boutiquemystik.com\/wp-content\/uploads\/2024\/08\/only-onlsania-belt-button-shorts-black_9-scaled.jpg?fit=300%2C433&ssl=1",300,433,true],"woocommerce_single":["https:\/\/i0.wp.com\/www.boutiquemystik.com\/wp-content\/uploads\/2024\/08\/only-onlsania-belt-button-shorts-black_9-scaled.jpg?fit=600%2C867&ssl=1",600,867,true],"woocommerce_gallery_thumbnail":["https:\/\/i0.wp.com\/www.boutiquemystik.com\/wp-content\/uploads\/2024\/08\/only-onlsania-belt-button-shorts-black_9-scaled.jpg?resize=100%2C100&ssl=1",100,100,true],"variation_swatches_image_size":["https:\/\/i0.wp.com\/www.boutiquemystik.com\/wp-content\/uploads\/2024\/08\/only-onlsania-belt-button-shorts-black_9-scaled.jpg?resize=50%2C50&ssl=1",50,50,true],"variation_swatches_tooltip_size":["https:\/\/i0.wp.com\/www.boutiquemystik.com\/wp-content\/uploads\/2024\/08\/only-onlsania-belt-button-shorts-black_9-scaled.jpg?resize=100%2C100&ssl=1",100,100,true]},"uagb_author_info":{"display_name":"Boutique Mystik","author_link":"https:\/\/www.boutiquemystik.com\/fr\/author\/"},"uagb_comment_info":0,"uagb_excerpt":"Short Only Bande \u00e9lastique \u00e0 la taille Faux bouton \u00e0 l&#8217;avant 2 poches aux hanches 95% Polyester, 5% \u00c9lasthanne","jetpack_sharing_enabled":true,"_links":{"self":[{"href":"https:\/\/www.boutiquemystik.com\/fr\/wp-json\/wp\/v2\/product\/570","targetHints":{"allow":["GET"]}}],"collection":[{"href":"https:\/\/www.boutiquemystik.com\/fr\/wp-json\/wp\/v2\/product"}],"about":[{"href":"https:\/\/www.boutiquemystik.com\/fr\/wp-json\/wp\/v2\/types\/product"}],"replies":[{"embeddable":true,"href":"https:\/\/www.boutiquemystik.com\/fr\/wp-json\/wp\/v2\/comments?post=570"}],"wp:featuredmedia":[{"embeddable":true,"href":"https:\/\/www.boutiquemystik.com\/fr\/wp-json\/wp\/v2\/media\/576"}],"wp:attachment":[{"href":"https:\/\/www.boutiquemystik.com\/fr\/wp-json\/wp\/v2\/media?parent=570"}],"wp:term":[{"taxonomy":"product_brand","embeddable":true,"href":"https:\/\/www.boutiquemystik.com\/fr\/wp-json\/wp\/v2\/product_brand?post=570"},{"taxonomy":"product_cat","embeddable":true,"href":"https:\/\/www.boutiquemystik.com\/fr\/wp-json\/wp\/v2\/product_cat?post=570"},{"taxonomy":"product_tag","embeddable":true,"href":"https:\/\/www.boutiquemystik.com\/fr\/wp-json\/wp\/v2\/product_tag?post=570"}],"curies":[{"name":"wp","href":"https:\/\/api.w.org\/{rel}","templated":true}]}}