{"id":607,"date":"2024-08-27T13:07:02","date_gmt":"2024-08-27T17:07:02","guid":{"rendered":"https:\/\/www.boutiquemystik.com\/?post_type=product&#038;p=607"},"modified":"2025-12-25T18:05:29","modified_gmt":"2025-12-25T23:05:29","slug":"vmnewlexsun-ls-v-neck-court-car-ga-noo","status":"publish","type":"product","link":"https:\/\/www.boutiquemystik.com\/fr\/produit\/vmnewlexsun-ls-v-neck-court-car-ga-noo\/","title":{"rendered":"VMNEWLEXSUN LS  V-NECK COURT CAR GA NOO"},"content":{"rendered":"<p>Composition: 50% Viscose LENZING&#x2122;ECOVERO&#x2122;, 25% Acrylic, 25% Cotton<\/p>\n<p>Choix durable<br \/>\nLe mat\u00e9riau principal de ce produit contient au moins 50 % de fibres de viscose de marque LENZING&#x2122; ECOVERO&#x2122; utilisant de la p\u00e2te de bois provenant de for\u00eats g\u00e9r\u00e9es de mani\u00e8re durable et produites de mani\u00e8re \u00e0 r\u00e9duire l\u2019impact environnemental.<\/p>","protected":false},"excerpt":{"rendered":"<p>Composition: 50% Viscose LENZING&#x2122;ECOVERO&#x2122;, 25% Acrylic, 25% Cotton Choix durable Le mat\u00e9riau principal de ce produit contient au moins 50 % de fibres de viscose de marque LENZING&#x2122; ECOVERO&#x2122; utilisant de la p\u00e2te de bois provenant de for\u00eats g\u00e9r\u00e9es de mani\u00e8re durable et produites de mani\u00e8re \u00e0 r\u00e9duire l\u2019impact environnemental.<\/p>","protected":false},"featured_media":617,"comment_status":"open","ping_status":"closed","template":"","meta":{"_uag_custom_page_level_css":"","site-sidebar-layout":"default","site-content-layout":"","ast-site-content-layout":"default","site-content-style":"default","site-sidebar-style":"default","ast-global-header-display":"","ast-banner-title-visibility":"","ast-main-header-display":"","ast-hfb-above-header-display":"","ast-hfb-below-header-display":"","ast-hfb-mobile-header-display":"","site-post-title":"","ast-breadcrumbs-content":"","ast-featured-img":"","footer-sml-layout":"","ast-disable-related-posts":"","theme-transparent-header-meta":"default","adv-header-id-meta":"","stick-header-meta":"default","header-above-stick-meta":"","header-main-stick-meta":"","header-below-stick-meta":"","astra-migrate-meta-layouts":"set","ast-page-background-enabled":"default","ast-page-background-meta":{"desktop":{"background-color":"","background-image":"","background-repeat":"repeat","background-position":"center center","background-size":"auto","background-attachment":"scroll","background-type":"","background-media":"","overlay-type":"","overlay-color":"","overlay-opacity":"","overlay-gradient":""},"tablet":{"background-color":"","background-image":"","background-repeat":"repeat","background-position":"center center","background-size":"auto","background-attachment":"scroll","background-type":"","background-media":"","overlay-type":"","overlay-color":"","overlay-opacity":"","overlay-gradient":""},"mobile":{"background-color":"","background-image":"","background-repeat":"repeat","background-position":"center center","background-size":"auto","background-attachment":"scroll","background-type":"","background-media":"","overlay-type":"","overlay-color":"","overlay-opacity":"","overlay-gradient":""}},"ast-content-background-meta":{"desktop":{"background-color":"var(--ast-global-color-5)","background-image":"","background-repeat":"repeat","background-position":"center center","background-size":"auto","background-attachment":"scroll","background-type":"","background-media":"","overlay-type":"","overlay-color":"","overlay-opacity":"","overlay-gradient":""},"tablet":{"background-color":"var(--ast-global-color-5)","background-image":"","background-repeat":"repeat","background-position":"center center","background-size":"auto","background-attachment":"scroll","background-type":"","background-media":"","overlay-type":"","overlay-color":"","overlay-opacity":"","overlay-gradient":""},"mobile":{"background-color":"var(--ast-global-color-5)","background-image":"","background-repeat":"repeat","background-position":"center center","background-size":"auto","background-attachment":"scroll","background-type":"","background-media":"","overlay-type":"","overlay-color":"","overlay-opacity":"","overlay-gradient":""}},"advanced_seo_description":"","jetpack_seo_html_title":"","jetpack_seo_noindex":false},"product_brand":[],"product_cat":[44],"product_tag":[26],"class_list":{"0":"post-607","1":"product","2":"type-product","3":"status-publish","4":"has-post-thumbnail","6":"product_cat-cardigans","7":"product_tag-veromoda","8":"pa_size-large","9":"pa_size-medium","10":"pa_size-petit","11":"pa_size-extra-large","12":"pa_size-tres-petit","13":"desktop-align-left","14":"tablet-align-left","15":"mobile-align-left","17":"first","18":"instock","19":"taxable","20":"shipping-taxable","21":"purchasable","22":"product-type-variable"},"uagb_featured_image_src":{"full":["https:\/\/i0.wp.com\/www.boutiquemystik.com\/wp-content\/uploads\/2024\/08\/vm__4127132__front1.jpg?fit=1125%2C1500&ssl=1",1125,1500,false],"thumbnail":["https:\/\/i0.wp.com\/www.boutiquemystik.com\/wp-content\/uploads\/2024\/08\/vm__4127132__front1.jpg?resize=150%2C150&ssl=1",150,150,true],"medium":["https:\/\/i0.wp.com\/www.boutiquemystik.com\/wp-content\/uploads\/2024\/08\/vm__4127132__front1.jpg?fit=225%2C300&ssl=1",225,300,true],"medium_large":["https:\/\/i0.wp.com\/www.boutiquemystik.com\/wp-content\/uploads\/2024\/08\/vm__4127132__front1.jpg?fit=768%2C1024&ssl=1",768,1024,true],"large":["https:\/\/i0.wp.com\/www.boutiquemystik.com\/wp-content\/uploads\/2024\/08\/vm__4127132__front1.jpg?fit=768%2C1024&ssl=1",768,1024,true],"1536x1536":["https:\/\/i0.wp.com\/www.boutiquemystik.com\/wp-content\/uploads\/2024\/08\/vm__4127132__front1.jpg?fit=1125%2C1500&ssl=1",1125,1500,true],"2048x2048":["https:\/\/i0.wp.com\/www.boutiquemystik.com\/wp-content\/uploads\/2024\/08\/vm__4127132__front1.jpg?fit=1125%2C1500&ssl=1",1125,1500,true],"trp-custom-language-flag":["https:\/\/i0.wp.com\/www.boutiquemystik.com\/wp-content\/uploads\/2024\/08\/vm__4127132__front1.jpg?fit=9%2C12&ssl=1",9,12,true],"woocommerce_thumbnail":["https:\/\/i0.wp.com\/www.boutiquemystik.com\/wp-content\/uploads\/2024\/08\/vm__4127132__front1.jpg?fit=300%2C400&ssl=1",300,400,true],"woocommerce_single":["https:\/\/i0.wp.com\/www.boutiquemystik.com\/wp-content\/uploads\/2024\/08\/vm__4127132__front1.jpg?fit=600%2C800&ssl=1",600,800,true],"woocommerce_gallery_thumbnail":["https:\/\/i0.wp.com\/www.boutiquemystik.com\/wp-content\/uploads\/2024\/08\/vm__4127132__front1.jpg?resize=100%2C100&ssl=1",100,100,true],"variation_swatches_image_size":["https:\/\/i0.wp.com\/www.boutiquemystik.com\/wp-content\/uploads\/2024\/08\/vm__4127132__front1.jpg?resize=50%2C50&ssl=1",50,50,true],"variation_swatches_tooltip_size":["https:\/\/i0.wp.com\/www.boutiquemystik.com\/wp-content\/uploads\/2024\/08\/vm__4127132__front1.jpg?resize=100%2C100&ssl=1",100,100,true]},"uagb_author_info":{"display_name":"Boutique Mystik","author_link":"https:\/\/www.boutiquemystik.com\/fr\/author\/"},"uagb_comment_info":0,"uagb_excerpt":"Composition: 50% Viscose LENZING&#x2122;ECOVERO&#x2122;, 25% Acrylic, 25% Cotton Choix durable Le mat\u00e9riau principal de ce produit contient au moins 50 % de fibres de viscose de marque LENZING&#x2122; ECOVERO&#x2122; utilisant de la p\u00e2te de bois provenant de for\u00eats g\u00e9r\u00e9es de mani\u00e8re durable et produites de mani\u00e8re \u00e0 r\u00e9duire l\u2019impact environnemental.","jetpack_sharing_enabled":true,"_links":{"self":[{"href":"https:\/\/www.boutiquemystik.com\/fr\/wp-json\/wp\/v2\/product\/607","targetHints":{"allow":["GET"]}}],"collection":[{"href":"https:\/\/www.boutiquemystik.com\/fr\/wp-json\/wp\/v2\/product"}],"about":[{"href":"https:\/\/www.boutiquemystik.com\/fr\/wp-json\/wp\/v2\/types\/product"}],"replies":[{"embeddable":true,"href":"https:\/\/www.boutiquemystik.com\/fr\/wp-json\/wp\/v2\/comments?post=607"}],"wp:featuredmedia":[{"embeddable":true,"href":"https:\/\/www.boutiquemystik.com\/fr\/wp-json\/wp\/v2\/media\/617"}],"wp:attachment":[{"href":"https:\/\/www.boutiquemystik.com\/fr\/wp-json\/wp\/v2\/media?parent=607"}],"wp:term":[{"taxonomy":"product_brand","embeddable":true,"href":"https:\/\/www.boutiquemystik.com\/fr\/wp-json\/wp\/v2\/product_brand?post=607"},{"taxonomy":"product_cat","embeddable":true,"href":"https:\/\/www.boutiquemystik.com\/fr\/wp-json\/wp\/v2\/product_cat?post=607"},{"taxonomy":"product_tag","embeddable":true,"href":"https:\/\/www.boutiquemystik.com\/fr\/wp-json\/wp\/v2\/product_tag?post=607"}],"curies":[{"name":"wp","href":"https:\/\/api.w.org\/{rel}","templated":true}]}}