{"id":6187,"date":"2025-03-14T23:26:53","date_gmt":"2025-03-15T03:26:53","guid":{"rendered":"https:\/\/www.boutiquemystik.com\/?post_type=product&#038;p=6187"},"modified":"2026-04-18T13:05:46","modified_gmt":"2026-04-18T17:05:46","slug":"jesmilo-3-4-loose-blazer-wvn-ga","status":"publish","type":"product","link":"https:\/\/www.boutiquemystik.com\/fr\/produit\/jesmilo-3-4-loose-blazer-wvn-ga\/","title":{"rendered":"JESMILO 3\/4 LOOSE BLAZER WVN GA"},"content":{"rendered":"<div class=\"u-mb-md\">\n<h4>\u00c0 propos de Jesmilo Blazer<\/h4>\n<ul>\n<li class=\"ProductDetail-module__productDrawerInfo__k7MX5\">\u00a0Le Jesmilo Blazer est une pi\u00e8ce \u00e9l\u00e9gante et intemporelle, id\u00e9ale pour apporter une touche de sophistication \u00e0 vos tenues. Con\u00e7u pour \u00eatre polyvalent, il peut \u00eatre port\u00e9 aussi bien avec un haut \u00e9l\u00e9gant qu\u2019un simple T-shirt, apportant instantan\u00e9ment une allure chic. Ce blazer est un must-have pour cr\u00e9er un look soign\u00e9 et raffin\u00e9, que ce soit pour le bureau ou pour un \u00e9v\u00e9nement d\u00e9contract\u00e9. Avec ses lignes nettes et sa coupe soign\u00e9e, il se marie parfaitement avec des jeans, des jupes ou des pantalons pour diverses occasions.<\/li>\n<li class=\"ProductDetail-module__productDrawerInfo__k7MX5\">Col : Revers<\/li>\n<li class=\"ProductDetail-module__productDrawerInfo__k7MX5\">Fit : Coupe r\u00e9guli\u00e8re<\/li>\n<\/ul>\n<h4>Description de la qualit\u00e9<\/h4>\n<ul>\n<li class=\"ProductDetail-module__productDrawerInfo__k7MX5\">Sexe: Femme<\/li>\n<li class=\"ProductDetail-module__productDrawerInfo__k7MX5\">Fabrication:  Fabrication tiss\u00e9e<\/li>\n<li class=\"ProductDetail-module__productDrawerInfo__k7MX5\">D\u00e9tail de fabrication : Tissage simple<\/li>\n<li class=\"ProductDetail-module__productDrawerInfo__k7MX5\">Type de style : Blazer<\/li>\n<li class=\"ProductDetail-module__productDrawerInfo__k7MX5\">Composition: 55% Viscose LENZING&#x2122;ECOVERO&#x2122;, 45% Linen Weight: 185 GSM<\/li>\n<\/ul>\n<\/div>\n<div>\n<h4>Desciption de la durabilit\u00e9<\/h4>\n<ul>\n<li class=\"ProductDetail-module__productDrawerInfo__k7MX5\">The main material in this product contains a minimum of 50% LENZING&#x2122; ECOVERO&#x2122; branded viscose fibers using wood pulp sourced from sustainably managed forests and produced in a way that reduces environmental impact<\/li>\n<\/ul>\n<\/div>","protected":false},"excerpt":{"rendered":"<p class=\"ProductDetail-module__productDrawerInfo__k7MX5\">Vous ne savez pas quoi porter ? Enfilez un blazer. Ce blazer est votre choix \u00e9l\u00e9gant. Peu importe si vous le portez par-dessus un haut ou un simple T-shirt \u2013 le blazer ajoute toujours sa propre sophistication et classe. Associez-le \u00e0 un jean large et des chaussures \u00e0 talons pour un look quotidien chic.<\/p>","protected":false},"featured_media":6202,"comment_status":"open","ping_status":"closed","template":"","meta":{"_uag_custom_page_level_css":"","site-sidebar-layout":"default","site-content-layout":"","ast-site-content-layout":"default","site-content-style":"default","site-sidebar-style":"default","ast-global-header-display":"","ast-banner-title-visibility":"","ast-main-header-display":"","ast-hfb-above-header-display":"","ast-hfb-below-header-display":"","ast-hfb-mobile-header-display":"","site-post-title":"","ast-breadcrumbs-content":"","ast-featured-img":"","footer-sml-layout":"","ast-disable-related-posts":"","theme-transparent-header-meta":"default","adv-header-id-meta":"","stick-header-meta":"default","header-above-stick-meta":"","header-main-stick-meta":"","header-below-stick-meta":"","astra-migrate-meta-layouts":"set","ast-page-background-enabled":"default","ast-page-background-meta":{"desktop":{"background-color":"","background-image":"","background-repeat":"repeat","background-position":"center center","background-size":"auto","background-attachment":"scroll","background-type":"","background-media":"","overlay-type":"","overlay-color":"","overlay-opacity":"","overlay-gradient":""},"tablet":{"background-color":"","background-image":"","background-repeat":"repeat","background-position":"center center","background-size":"auto","background-attachment":"scroll","background-type":"","background-media":"","overlay-type":"","overlay-color":"","overlay-opacity":"","overlay-gradient":""},"mobile":{"background-color":"","background-image":"","background-repeat":"repeat","background-position":"center center","background-size":"auto","background-attachment":"scroll","background-type":"","background-media":"","overlay-type":"","overlay-color":"","overlay-opacity":"","overlay-gradient":""}},"ast-content-background-meta":{"desktop":{"background-color":"var(--ast-global-color-5)","background-image":"","background-repeat":"repeat","background-position":"center center","background-size":"auto","background-attachment":"scroll","background-type":"","background-media":"","overlay-type":"","overlay-color":"","overlay-opacity":"","overlay-gradient":""},"tablet":{"background-color":"var(--ast-global-color-5)","background-image":"","background-repeat":"repeat","background-position":"center center","background-size":"auto","background-attachment":"scroll","background-type":"","background-media":"","overlay-type":"","overlay-color":"","overlay-opacity":"","overlay-gradient":""},"mobile":{"background-color":"var(--ast-global-color-5)","background-image":"","background-repeat":"repeat","background-position":"center center","background-size":"auto","background-attachment":"scroll","background-type":"","background-media":"","overlay-type":"","overlay-color":"","overlay-opacity":"","overlay-gradient":""}},"advanced_seo_description":"","jetpack_seo_html_title":"","jetpack_seo_noindex":false},"product_brand":[222],"product_cat":[146],"product_tag":[225,231,350,216],"class_list":{"0":"post-6187","1":"product","2":"type-product","3":"status-publish","4":"has-post-thumbnail","6":"product_brand-vero-moda","7":"product_cat-blazers","8":"product_tag-casual","9":"product_tag-dressy","10":"product_tag-linen","11":"product_tag-spring-summer","12":"pa_color-noir","13":"pa_color-cream-lining-stripesblack","14":"pa_color-white","15":"pa_size-large","16":"pa_size-medium","17":"pa_size-petit","18":"pa_size-extra-large","19":"pa_size-tres-petit","20":"desktop-align-left","21":"tablet-align-left","22":"mobile-align-left","24":"first","25":"instock","26":"taxable","27":"shipping-taxable","28":"purchasable","29":"product-type-variable","30":"has-default-attributes"},"uagb_featured_image_src":{"full":["https:\/\/i0.wp.com\/www.boutiquemystik.com\/wp-content\/uploads\/2025\/03\/VMJESMILO-3-4-LOOSE-BLAZER-WVN-GA-NOOS-RAYURES-MODEL.webp?fit=1350%2C1800&ssl=1",1350,1800,false],"thumbnail":["https:\/\/i0.wp.com\/www.boutiquemystik.com\/wp-content\/uploads\/2025\/03\/VMJESMILO-3-4-LOOSE-BLAZER-WVN-GA-NOOS-RAYURES-MODEL.webp?resize=150%2C150&ssl=1",150,150,true],"medium":["https:\/\/i0.wp.com\/www.boutiquemystik.com\/wp-content\/uploads\/2025\/03\/VMJESMILO-3-4-LOOSE-BLAZER-WVN-GA-NOOS-RAYURES-MODEL.webp?fit=225%2C300&ssl=1",225,300,true],"medium_large":["https:\/\/i0.wp.com\/www.boutiquemystik.com\/wp-content\/uploads\/2025\/03\/VMJESMILO-3-4-LOOSE-BLAZER-WVN-GA-NOOS-RAYURES-MODEL.webp?fit=768%2C1024&ssl=1",768,1024,true],"large":["https:\/\/i0.wp.com\/www.boutiquemystik.com\/wp-content\/uploads\/2025\/03\/VMJESMILO-3-4-LOOSE-BLAZER-WVN-GA-NOOS-RAYURES-MODEL.webp?fit=768%2C1024&ssl=1",768,1024,true],"1536x1536":["https:\/\/i0.wp.com\/www.boutiquemystik.com\/wp-content\/uploads\/2025\/03\/VMJESMILO-3-4-LOOSE-BLAZER-WVN-GA-NOOS-RAYURES-MODEL.webp?fit=1152%2C1536&ssl=1",1152,1536,true],"2048x2048":["https:\/\/i0.wp.com\/www.boutiquemystik.com\/wp-content\/uploads\/2025\/03\/VMJESMILO-3-4-LOOSE-BLAZER-WVN-GA-NOOS-RAYURES-MODEL.webp?fit=1350%2C1800&ssl=1",1350,1800,true],"trp-custom-language-flag":["https:\/\/i0.wp.com\/www.boutiquemystik.com\/wp-content\/uploads\/2025\/03\/VMJESMILO-3-4-LOOSE-BLAZER-WVN-GA-NOOS-RAYURES-MODEL.webp?fit=9%2C12&ssl=1",9,12,true],"woocommerce_thumbnail":["https:\/\/i0.wp.com\/www.boutiquemystik.com\/wp-content\/uploads\/2025\/03\/VMJESMILO-3-4-LOOSE-BLAZER-WVN-GA-NOOS-RAYURES-MODEL.webp?fit=300%2C400&ssl=1",300,400,true],"woocommerce_single":["https:\/\/i0.wp.com\/www.boutiquemystik.com\/wp-content\/uploads\/2025\/03\/VMJESMILO-3-4-LOOSE-BLAZER-WVN-GA-NOOS-RAYURES-MODEL.webp?fit=600%2C800&ssl=1",600,800,true],"woocommerce_gallery_thumbnail":["https:\/\/i0.wp.com\/www.boutiquemystik.com\/wp-content\/uploads\/2025\/03\/VMJESMILO-3-4-LOOSE-BLAZER-WVN-GA-NOOS-RAYURES-MODEL.webp?resize=100%2C100&ssl=1",100,100,true],"variation_swatches_image_size":["https:\/\/i0.wp.com\/www.boutiquemystik.com\/wp-content\/uploads\/2025\/03\/VMJESMILO-3-4-LOOSE-BLAZER-WVN-GA-NOOS-RAYURES-MODEL.webp?resize=50%2C50&ssl=1",50,50,true],"variation_swatches_tooltip_size":["https:\/\/i0.wp.com\/www.boutiquemystik.com\/wp-content\/uploads\/2025\/03\/VMJESMILO-3-4-LOOSE-BLAZER-WVN-GA-NOOS-RAYURES-MODEL.webp?resize=100%2C100&ssl=1",100,100,true]},"uagb_author_info":{"display_name":"Boutique Mystik","author_link":"https:\/\/www.boutiquemystik.com\/fr\/author\/"},"uagb_comment_info":0,"uagb_excerpt":"In doubt about what to wear? Throw on a blazer. This blazer is your stylish go-to. No matter if you are wearing it over a top of a simple T-shirt - the blazer always adds its own sophistication and class. Style it with wide jeans and heeled shoes for an elevated everyday look.","jetpack_sharing_enabled":true,"_links":{"self":[{"href":"https:\/\/www.boutiquemystik.com\/fr\/wp-json\/wp\/v2\/product\/6187","targetHints":{"allow":["GET"]}}],"collection":[{"href":"https:\/\/www.boutiquemystik.com\/fr\/wp-json\/wp\/v2\/product"}],"about":[{"href":"https:\/\/www.boutiquemystik.com\/fr\/wp-json\/wp\/v2\/types\/product"}],"replies":[{"embeddable":true,"href":"https:\/\/www.boutiquemystik.com\/fr\/wp-json\/wp\/v2\/comments?post=6187"}],"wp:featuredmedia":[{"embeddable":true,"href":"https:\/\/www.boutiquemystik.com\/fr\/wp-json\/wp\/v2\/media\/6202"}],"wp:attachment":[{"href":"https:\/\/www.boutiquemystik.com\/fr\/wp-json\/wp\/v2\/media?parent=6187"}],"wp:term":[{"taxonomy":"product_brand","embeddable":true,"href":"https:\/\/www.boutiquemystik.com\/fr\/wp-json\/wp\/v2\/product_brand?post=6187"},{"taxonomy":"product_cat","embeddable":true,"href":"https:\/\/www.boutiquemystik.com\/fr\/wp-json\/wp\/v2\/product_cat?post=6187"},{"taxonomy":"product_tag","embeddable":true,"href":"https:\/\/www.boutiquemystik.com\/fr\/wp-json\/wp\/v2\/product_tag?post=6187"}],"curies":[{"name":"wp","href":"https:\/\/api.w.org\/{rel}","templated":true}]}}