{"id":8365,"date":"2025-04-03T18:50:56","date_gmt":"2025-04-03T22:50:56","guid":{"rendered":"https:\/\/www.boutiquemystik.com\/?post_type=product&#038;p=8365"},"modified":"2025-12-25T18:05:08","modified_gmt":"2025-12-25T23:05:08","slug":"seamless-bra-top","status":"publish","type":"product","link":"https:\/\/www.boutiquemystik.com\/fr\/produit\/seamless-bra-top\/","title":{"rendered":"Seamless bra top"},"content":{"rendered":"<p>Le Seamless Bra Top est un incontournable pour un confort et un maintien optimal. Con\u00e7u avec une construction lisse et sans couture, ce haut de soutien-gorge \u00e9limine l'inconfort des coutures traditionnelles, offrant un ajustement discret et invisible sous vos v\u00eatements. Son tissu extensible procure une sensation de douceur et de respirabilit\u00e9 tout en offrant un maintien l\u00e9ger, ce qui en fait un choix parfait pour la d\u00e9tente, les entra\u00eenements ou comme pi\u00e8ce de superposition sous des tops et des robes. Son design minimaliste et ses bretelles r\u00e9glables assurent un ajustement personnalis\u00e9, tandis que l'absence de fil m\u00e9tallique ou de fermoirs augmente le confort. Disponible dans des couleurs polyvalentes, le Seamless Bra Top est un ajout essentiel \u00e0 toute garde-robe, alliant confort et style.<\/p>","protected":false},"excerpt":{"rendered":"<p>Le Seamless Bra Top (haut de soutien-gorge sans couture) est un incontournable pour un confort et un maintien optimal. Con\u00e7u avec une construction lisse et sans couture, ce haut de soutien-gorge \u00e9limine l'inconfort des coutures traditionnelles, offrant un ajustement discret et invisible sous vos v\u00eatements. Son tissu extensible procure une sensation de douceur et de respirabilit\u00e9 tout en offrant un maintien l\u00e9ger, ce qui en fait un choix parfait pour la d\u00e9tente, les entra\u00eenements ou comme pi\u00e8ce de superposition sous des tops et des robes. Son design minimaliste et ses bretelles r\u00e9glables assurent un ajustement personnalis\u00e9, tandis que l'absence de fil m\u00e9tallique ou de fermoirs augmente le confort. Disponible dans des couleurs polyvalentes, le Seamless Bra Top est un ajout essentiel \u00e0 toute garde-robe pour le confort et le style.<\/p>","protected":false},"featured_media":8381,"comment_status":"open","ping_status":"closed","template":"","meta":{"_uag_custom_page_level_css":"","site-sidebar-layout":"default","site-content-layout":"","ast-site-content-layout":"default","site-content-style":"default","site-sidebar-style":"default","ast-global-header-display":"","ast-banner-title-visibility":"","ast-main-header-display":"","ast-hfb-above-header-display":"","ast-hfb-below-header-display":"","ast-hfb-mobile-header-display":"","site-post-title":"","ast-breadcrumbs-content":"","ast-featured-img":"","footer-sml-layout":"","ast-disable-related-posts":"","theme-transparent-header-meta":"default","adv-header-id-meta":"","stick-header-meta":"default","header-above-stick-meta":"","header-main-stick-meta":"","header-below-stick-meta":"","astra-migrate-meta-layouts":"set","ast-page-background-enabled":"default","ast-page-background-meta":{"desktop":{"background-color":"","background-image":"","background-repeat":"repeat","background-position":"center center","background-size":"auto","background-attachment":"scroll","background-type":"","background-media":"","overlay-type":"","overlay-color":"","overlay-opacity":"","overlay-gradient":""},"tablet":{"background-color":"","background-image":"","background-repeat":"repeat","background-position":"center center","background-size":"auto","background-attachment":"scroll","background-type":"","background-media":"","overlay-type":"","overlay-color":"","overlay-opacity":"","overlay-gradient":""},"mobile":{"background-color":"","background-image":"","background-repeat":"repeat","background-position":"center center","background-size":"auto","background-attachment":"scroll","background-type":"","background-media":"","overlay-type":"","overlay-color":"","overlay-opacity":"","overlay-gradient":""}},"ast-content-background-meta":{"desktop":{"background-color":"var(--ast-global-color-5)","background-image":"","background-repeat":"repeat","background-position":"center center","background-size":"auto","background-attachment":"scroll","background-type":"","background-media":"","overlay-type":"","overlay-color":"","overlay-opacity":"","overlay-gradient":""},"tablet":{"background-color":"var(--ast-global-color-5)","background-image":"","background-repeat":"repeat","background-position":"center center","background-size":"auto","background-attachment":"scroll","background-type":"","background-media":"","overlay-type":"","overlay-color":"","overlay-opacity":"","overlay-gradient":""},"mobile":{"background-color":"var(--ast-global-color-5)","background-image":"","background-repeat":"repeat","background-position":"center center","background-size":"auto","background-attachment":"scroll","background-type":"","background-media":"","overlay-type":"","overlay-color":"","overlay-opacity":"","overlay-gradient":""}},"advanced_seo_description":"","jetpack_seo_html_title":"","jetpack_seo_noindex":false},"product_brand":[212],"product_cat":[21],"product_tag":[333,225,231],"class_list":{"0":"post-8365","1":"product","2":"type-product","3":"status-publish","4":"has-post-thumbnail","6":"product_brand-dex","7":"product_cat-tops","8":"product_tag-all-seasons","9":"product_tag-casual","10":"product_tag-dressy","11":"pa_color-noir","12":"pa_color-white","13":"pa_size-large","14":"pa_size-medium","15":"pa_size-petit","16":"pa_size-extra-large","17":"pa_size-tres-petit","18":"desktop-align-left","19":"tablet-align-left","20":"mobile-align-left","22":"first","23":"instock","24":"taxable","25":"shipping-taxable","26":"purchasable","27":"product-type-variable"},"uagb_featured_image_src":{"full":["https:\/\/i0.wp.com\/www.boutiquemystik.com\/wp-content\/uploads\/2025\/04\/2524011_11001_01-scaled.jpg?fit=1920%2C2560&ssl=1",1920,2560,false],"thumbnail":["https:\/\/i0.wp.com\/www.boutiquemystik.com\/wp-content\/uploads\/2025\/04\/2524011_11001_01-scaled.jpg?resize=150%2C150&ssl=1",150,150,true],"medium":["https:\/\/i0.wp.com\/www.boutiquemystik.com\/wp-content\/uploads\/2025\/04\/2524011_11001_01-scaled.jpg?fit=225%2C300&ssl=1",225,300,true],"medium_large":["https:\/\/i0.wp.com\/www.boutiquemystik.com\/wp-content\/uploads\/2025\/04\/2524011_11001_01-scaled.jpg?fit=768%2C1024&ssl=1",768,1024,true],"large":["https:\/\/i0.wp.com\/www.boutiquemystik.com\/wp-content\/uploads\/2025\/04\/2524011_11001_01-scaled.jpg?fit=768%2C1024&ssl=1",768,1024,true],"1536x1536":["https:\/\/i0.wp.com\/www.boutiquemystik.com\/wp-content\/uploads\/2025\/04\/2524011_11001_01-scaled.jpg?fit=1152%2C1536&ssl=1",1152,1536,true],"2048x2048":["https:\/\/i0.wp.com\/www.boutiquemystik.com\/wp-content\/uploads\/2025\/04\/2524011_11001_01-scaled.jpg?fit=1536%2C2048&ssl=1",1536,2048,true],"trp-custom-language-flag":["https:\/\/i0.wp.com\/www.boutiquemystik.com\/wp-content\/uploads\/2025\/04\/2524011_11001_01-scaled.jpg?fit=9%2C12&ssl=1",9,12,true],"woocommerce_thumbnail":["https:\/\/i0.wp.com\/www.boutiquemystik.com\/wp-content\/uploads\/2025\/04\/2524011_11001_01-scaled.jpg?fit=300%2C400&ssl=1",300,400,true],"woocommerce_single":["https:\/\/i0.wp.com\/www.boutiquemystik.com\/wp-content\/uploads\/2025\/04\/2524011_11001_01-scaled.jpg?fit=600%2C800&ssl=1",600,800,true],"woocommerce_gallery_thumbnail":["https:\/\/i0.wp.com\/www.boutiquemystik.com\/wp-content\/uploads\/2025\/04\/2524011_11001_01-scaled.jpg?resize=100%2C100&ssl=1",100,100,true],"variation_swatches_image_size":["https:\/\/i0.wp.com\/www.boutiquemystik.com\/wp-content\/uploads\/2025\/04\/2524011_11001_01-scaled.jpg?resize=50%2C50&ssl=1",50,50,true],"variation_swatches_tooltip_size":["https:\/\/i0.wp.com\/www.boutiquemystik.com\/wp-content\/uploads\/2025\/04\/2524011_11001_01-scaled.jpg?resize=100%2C100&ssl=1",100,100,true]},"uagb_author_info":{"display_name":"Boutique Mystik","author_link":"https:\/\/www.boutiquemystik.com\/fr\/author\/"},"uagb_comment_info":0,"uagb_excerpt":"Experience comfort and support with the Seamless Bra Top. Designed with a smooth, wire-free fit and soft stretch fabric, it\u2019s perfect for lounging, workouts, or layering under clothes.","jetpack_sharing_enabled":true,"_links":{"self":[{"href":"https:\/\/www.boutiquemystik.com\/fr\/wp-json\/wp\/v2\/product\/8365","targetHints":{"allow":["GET"]}}],"collection":[{"href":"https:\/\/www.boutiquemystik.com\/fr\/wp-json\/wp\/v2\/product"}],"about":[{"href":"https:\/\/www.boutiquemystik.com\/fr\/wp-json\/wp\/v2\/types\/product"}],"replies":[{"embeddable":true,"href":"https:\/\/www.boutiquemystik.com\/fr\/wp-json\/wp\/v2\/comments?post=8365"}],"wp:featuredmedia":[{"embeddable":true,"href":"https:\/\/www.boutiquemystik.com\/fr\/wp-json\/wp\/v2\/media\/8381"}],"wp:attachment":[{"href":"https:\/\/www.boutiquemystik.com\/fr\/wp-json\/wp\/v2\/media?parent=8365"}],"wp:term":[{"taxonomy":"product_brand","embeddable":true,"href":"https:\/\/www.boutiquemystik.com\/fr\/wp-json\/wp\/v2\/product_brand?post=8365"},{"taxonomy":"product_cat","embeddable":true,"href":"https:\/\/www.boutiquemystik.com\/fr\/wp-json\/wp\/v2\/product_cat?post=8365"},{"taxonomy":"product_tag","embeddable":true,"href":"https:\/\/www.boutiquemystik.com\/fr\/wp-json\/wp\/v2\/product_tag?post=8365"}],"curies":[{"name":"wp","href":"https:\/\/api.w.org\/{rel}","templated":true}]}}