{"id":8525,"date":"2025-04-08T16:34:46","date_gmt":"2025-04-08T20:34:46","guid":{"rendered":"https:\/\/www.boutiquemystik.com\/?post_type=product&#038;p=8525"},"modified":"2025-12-25T18:05:07","modified_gmt":"2025-12-25T23:05:07","slug":"onltulum-emb-smock-maxi-dress","status":"publish","type":"product","link":"https:\/\/www.boutiquemystik.com\/fr\/produit\/onltulum-emb-smock-maxi-dress\/","title":{"rendered":"ONLTULUM EMB SMOCK MAXI DRESS"},"content":{"rendered":"<p>La robe maxi en coton brod\u00e9e est une pi\u00e8ce intemporelle alliant \u00e9l\u00e9gance et confort. Dot\u00e9e d'un bustier smock\u00e9 extensible, cette robe \u00e9pouse parfaitement votre silhouette tout en offrant une coupe flatteuse. Les bordures en broderie anglaise ajoutent une touche de d\u00e9tail raffin\u00e9 \u00e0 la conception, accentuant son charme. Fabriqu\u00e9e \u00e0 partir d'un tissu 100 % coton l\u00e9ger, elle assure respirabilit\u00e9 et confort, tandis que sa construction non doubl\u00e9e lui conf\u00e8re une sensation fluide et d\u00e9contract\u00e9e. Avec une coupe \u00e9vas\u00e9e, cette robe est parfaite pour toutes les occasions, que ce soit pour un look habill\u00e9 ou d\u00e9contract\u00e9.<\/p>","protected":false},"excerpt":{"rendered":"<p>Une robe maxi en coton \u00e9vas\u00e9e et flatteuse, avec un bustier smock\u00e9, des bordures en broderie anglaise et un tissu en coton l\u00e9ger<\/p>\n<p>&nbsp;<\/p>","protected":false},"featured_media":8530,"comment_status":"open","ping_status":"closed","template":"","meta":{"_uag_custom_page_level_css":"","site-sidebar-layout":"default","site-content-layout":"","ast-site-content-layout":"default","site-content-style":"default","site-sidebar-style":"default","ast-global-header-display":"","ast-banner-title-visibility":"","ast-main-header-display":"","ast-hfb-above-header-display":"","ast-hfb-below-header-display":"","ast-hfb-mobile-header-display":"","site-post-title":"","ast-breadcrumbs-content":"","ast-featured-img":"","footer-sml-layout":"","ast-disable-related-posts":"","theme-transparent-header-meta":"default","adv-header-id-meta":"","stick-header-meta":"default","header-above-stick-meta":"","header-main-stick-meta":"","header-below-stick-meta":"","astra-migrate-meta-layouts":"set","ast-page-background-enabled":"default","ast-page-background-meta":{"desktop":{"background-color":"","background-image":"","background-repeat":"repeat","background-position":"center center","background-size":"auto","background-attachment":"scroll","background-type":"","background-media":"","overlay-type":"","overlay-color":"","overlay-opacity":"","overlay-gradient":""},"tablet":{"background-color":"","background-image":"","background-repeat":"repeat","background-position":"center center","background-size":"auto","background-attachment":"scroll","background-type":"","background-media":"","overlay-type":"","overlay-color":"","overlay-opacity":"","overlay-gradient":""},"mobile":{"background-color":"","background-image":"","background-repeat":"repeat","background-position":"center center","background-size":"auto","background-attachment":"scroll","background-type":"","background-media":"","overlay-type":"","overlay-color":"","overlay-opacity":"","overlay-gradient":""}},"ast-content-background-meta":{"desktop":{"background-color":"var(--ast-global-color-5)","background-image":"","background-repeat":"repeat","background-position":"center center","background-size":"auto","background-attachment":"scroll","background-type":"","background-media":"","overlay-type":"","overlay-color":"","overlay-opacity":"","overlay-gradient":""},"tablet":{"background-color":"var(--ast-global-color-5)","background-image":"","background-repeat":"repeat","background-position":"center center","background-size":"auto","background-attachment":"scroll","background-type":"","background-media":"","overlay-type":"","overlay-color":"","overlay-opacity":"","overlay-gradient":""},"mobile":{"background-color":"var(--ast-global-color-5)","background-image":"","background-repeat":"repeat","background-position":"center center","background-size":"auto","background-attachment":"scroll","background-type":"","background-media":"","overlay-type":"","overlay-color":"","overlay-opacity":"","overlay-gradient":""}},"advanced_seo_description":"","jetpack_seo_html_title":"","jetpack_seo_noindex":false},"product_brand":[213],"product_cat":[63],"product_tag":[227,398,397],"class_list":{"0":"post-8525","1":"product","2":"type-product","3":"status-publish","4":"has-post-thumbnail","6":"product_brand-only","7":"product_cat-dresses","8":"product_tag-100-cotton","9":"product_tag-broderie-anglaise","10":"product_tag-maxi-dress","11":"pa_color-blue","12":"pa_color-white","13":"pa_size-large","14":"pa_size-medium","15":"pa_size-petit","16":"pa_size-extra-large","17":"pa_size-tres-petit","18":"desktop-align-left","19":"tablet-align-left","20":"mobile-align-left","22":"first","23":"instock","24":"taxable","25":"shipping-taxable","26":"purchasable","27":"product-type-variable"},"uagb_featured_image_src":{"full":["https:\/\/i0.wp.com\/www.boutiquemystik.com\/wp-content\/uploads\/2025\/04\/onltulum-dress-in-blue-front.jpg?fit=1606%2C2175&ssl=1",1606,2175,false],"thumbnail":["https:\/\/i0.wp.com\/www.boutiquemystik.com\/wp-content\/uploads\/2025\/04\/onltulum-dress-in-blue-front.jpg?resize=150%2C150&ssl=1",150,150,true],"medium":["https:\/\/i0.wp.com\/www.boutiquemystik.com\/wp-content\/uploads\/2025\/04\/onltulum-dress-in-blue-front.jpg?fit=222%2C300&ssl=1",222,300,true],"medium_large":["https:\/\/i0.wp.com\/www.boutiquemystik.com\/wp-content\/uploads\/2025\/04\/onltulum-dress-in-blue-front.jpg?fit=768%2C1040&ssl=1",768,1040,true],"large":["https:\/\/i0.wp.com\/www.boutiquemystik.com\/wp-content\/uploads\/2025\/04\/onltulum-dress-in-blue-front.jpg?fit=756%2C1024&ssl=1",756,1024,true],"1536x1536":["https:\/\/i0.wp.com\/www.boutiquemystik.com\/wp-content\/uploads\/2025\/04\/onltulum-dress-in-blue-front.jpg?fit=1134%2C1536&ssl=1",1134,1536,true],"2048x2048":["https:\/\/i0.wp.com\/www.boutiquemystik.com\/wp-content\/uploads\/2025\/04\/onltulum-dress-in-blue-front.jpg?fit=1512%2C2048&ssl=1",1512,2048,true],"trp-custom-language-flag":["https:\/\/i0.wp.com\/www.boutiquemystik.com\/wp-content\/uploads\/2025\/04\/onltulum-dress-in-blue-front.jpg?fit=9%2C12&ssl=1",9,12,true],"woocommerce_thumbnail":["https:\/\/i0.wp.com\/www.boutiquemystik.com\/wp-content\/uploads\/2025\/04\/onltulum-dress-in-blue-front.jpg?fit=300%2C406&ssl=1",300,406,true],"woocommerce_single":["https:\/\/i0.wp.com\/www.boutiquemystik.com\/wp-content\/uploads\/2025\/04\/onltulum-dress-in-blue-front.jpg?fit=600%2C813&ssl=1",600,813,true],"woocommerce_gallery_thumbnail":["https:\/\/i0.wp.com\/www.boutiquemystik.com\/wp-content\/uploads\/2025\/04\/onltulum-dress-in-blue-front.jpg?resize=100%2C100&ssl=1",100,100,true],"variation_swatches_image_size":["https:\/\/i0.wp.com\/www.boutiquemystik.com\/wp-content\/uploads\/2025\/04\/onltulum-dress-in-blue-front.jpg?resize=50%2C50&ssl=1",50,50,true],"variation_swatches_tooltip_size":["https:\/\/i0.wp.com\/www.boutiquemystik.com\/wp-content\/uploads\/2025\/04\/onltulum-dress-in-blue-front.jpg?resize=100%2C100&ssl=1",100,100,true]},"uagb_author_info":{"display_name":"Boutique Mystik","author_link":"https:\/\/www.boutiquemystik.com\/fr\/author\/"},"uagb_comment_info":0,"uagb_excerpt":"A flattering fit-and-flare cotton maxi dress featuring a smocked bustier, broderie anglaise detailing, and lightweight 100% cotton fabric. &nbsp;","jetpack_sharing_enabled":true,"_links":{"self":[{"href":"https:\/\/www.boutiquemystik.com\/fr\/wp-json\/wp\/v2\/product\/8525","targetHints":{"allow":["GET"]}}],"collection":[{"href":"https:\/\/www.boutiquemystik.com\/fr\/wp-json\/wp\/v2\/product"}],"about":[{"href":"https:\/\/www.boutiquemystik.com\/fr\/wp-json\/wp\/v2\/types\/product"}],"replies":[{"embeddable":true,"href":"https:\/\/www.boutiquemystik.com\/fr\/wp-json\/wp\/v2\/comments?post=8525"}],"wp:featuredmedia":[{"embeddable":true,"href":"https:\/\/www.boutiquemystik.com\/fr\/wp-json\/wp\/v2\/media\/8530"}],"wp:attachment":[{"href":"https:\/\/www.boutiquemystik.com\/fr\/wp-json\/wp\/v2\/media?parent=8525"}],"wp:term":[{"taxonomy":"product_brand","embeddable":true,"href":"https:\/\/www.boutiquemystik.com\/fr\/wp-json\/wp\/v2\/product_brand?post=8525"},{"taxonomy":"product_cat","embeddable":true,"href":"https:\/\/www.boutiquemystik.com\/fr\/wp-json\/wp\/v2\/product_cat?post=8525"},{"taxonomy":"product_tag","embeddable":true,"href":"https:\/\/www.boutiquemystik.com\/fr\/wp-json\/wp\/v2\/product_tag?post=8525"}],"curies":[{"name":"wp","href":"https:\/\/api.w.org\/{rel}","templated":true}]}}