{"id":9040,"date":"2025-04-22T14:57:09","date_gmt":"2025-04-22T18:57:09","guid":{"rendered":"https:\/\/www.boutiquemystik.com\/?post_type=product&#038;p=9040"},"modified":"2026-04-09T11:47:23","modified_gmt":"2026-04-09T15:47:23","slug":"burst-popcorn-cotton-t-shirt-black","status":"publish","type":"product","link":"https:\/\/www.boutiquemystik.com\/fr\/produit\/burst-popcorn-cotton-t-shirt-black\/","title":{"rendered":"Burst Popcorn Cotton T-shirt (black)"},"content":{"rendered":"<div class=\"u-mb-md\">\n<h4>About Burst PopCorn Tshirt<\/h4>\n<ul>\n<li class=\"ProductDetail-module__productDrawerInfo__k7MX5\">\u00a0Type de produit : T-shirt<\/li>\n<li class=\"ProductDetail-module__productDrawerInfo__k7MX5\">Col : Col Rond<\/li>\n<li class=\"ProductDetail-module__productDrawerInfo__k7MX5\">Manches : manches courtes<\/li>\n<li class=\"ProductDetail-module__productDrawerInfo__k7MX5\">Fit : Coupe r\u00e9guli\u00e8re<\/li>\n<\/ul>\n<\/div>\n<div class=\"u-mb-md\">\n<h4>Description de la qualit\u00e9<\/h4>\n<ul>\n<li class=\"ProductDetail-module__productDrawerInfo__k7MX5\">Sexe: Femme<\/li>\n<li class=\"ProductDetail-module__productDrawerInfo__k7MX5\">Fabrication : Tricot circulaire<\/li>\n<li class=\"ProductDetail-module__productDrawerInfo__k7MX5\">D\u00e9tail de la fabrication : Jersey simple<\/li>\n<li class=\"ProductDetail-module__productDrawerInfo__k7MX5\">Composition: 95% Cotton &#8211; Organic Direct to Farm, 5% Elastane Shell material<\/li>\n<\/ul>\n<\/div>\n<div>\n<h6>Desciption de la durabilit\u00e9<\/h6>\n<ul>\n<li class=\"ProductDetail-module__productDrawerInfo__k7MX5\">Le principal mat\u00e9riau de ce produit contient au minimum 50 % de coton biologique direct de la ferme. Le coton biologique est cultiv\u00e9 sans l'utilisation de produits chimiques nocifs. L'agriculture biologique du coton prot\u00e8ge les ressources naturelles et la biodiversit\u00e9. Avec le syst\u00e8me direct de la ferme, nous garantissons la transparence de la cha\u00eene d'approvisionnement. Du producteur au fileur, au moulin \u00e0 tissu, jusqu'au fabricant.<\/li>\n<\/ul>\n<\/div>","protected":false},"excerpt":{"rendered":"<p>No wardrobe is complete without soft, timeless, basic styles, perfect for any occasion and season.<\/p>","protected":false},"featured_media":9042,"comment_status":"open","ping_status":"closed","template":"","meta":{"_uag_custom_page_level_css":"","site-sidebar-layout":"default","site-content-layout":"","ast-site-content-layout":"default","site-content-style":"default","site-sidebar-style":"default","ast-global-header-display":"","ast-banner-title-visibility":"","ast-main-header-display":"","ast-hfb-above-header-display":"","ast-hfb-below-header-display":"","ast-hfb-mobile-header-display":"","site-post-title":"","ast-breadcrumbs-content":"","ast-featured-img":"","footer-sml-layout":"","ast-disable-related-posts":"","theme-transparent-header-meta":"default","adv-header-id-meta":"","stick-header-meta":"default","header-above-stick-meta":"","header-main-stick-meta":"","header-below-stick-meta":"","astra-migrate-meta-layouts":"set","ast-page-background-enabled":"default","ast-page-background-meta":{"desktop":{"background-color":"","background-image":"","background-repeat":"repeat","background-position":"center center","background-size":"auto","background-attachment":"scroll","background-type":"","background-media":"","overlay-type":"","overlay-color":"","overlay-opacity":"","overlay-gradient":""},"tablet":{"background-color":"","background-image":"","background-repeat":"repeat","background-position":"center center","background-size":"auto","background-attachment":"scroll","background-type":"","background-media":"","overlay-type":"","overlay-color":"","overlay-opacity":"","overlay-gradient":""},"mobile":{"background-color":"","background-image":"","background-repeat":"repeat","background-position":"center center","background-size":"auto","background-attachment":"scroll","background-type":"","background-media":"","overlay-type":"","overlay-color":"","overlay-opacity":"","overlay-gradient":""}},"ast-content-background-meta":{"desktop":{"background-color":"var(--ast-global-color-5)","background-image":"","background-repeat":"repeat","background-position":"center center","background-size":"auto","background-attachment":"scroll","background-type":"","background-media":"","overlay-type":"","overlay-color":"","overlay-opacity":"","overlay-gradient":""},"tablet":{"background-color":"var(--ast-global-color-5)","background-image":"","background-repeat":"repeat","background-position":"center center","background-size":"auto","background-attachment":"scroll","background-type":"","background-media":"","overlay-type":"","overlay-color":"","overlay-opacity":"","overlay-gradient":""},"mobile":{"background-color":"var(--ast-global-color-5)","background-image":"","background-repeat":"repeat","background-position":"center center","background-size":"auto","background-attachment":"scroll","background-type":"","background-media":"","overlay-type":"","overlay-color":"","overlay-opacity":"","overlay-gradient":""}},"advanced_seo_description":"","jetpack_seo_html_title":"","jetpack_seo_noindex":false},"product_brand":[213],"product_cat":[20],"product_tag":[],"class_list":{"0":"post-9040","1":"product","2":"type-product","3":"status-publish","4":"has-post-thumbnail","6":"product_brand-only","7":"product_cat-t-shirts","8":"pa_color-black","9":"pa_size-large","10":"pa_size-medium","11":"pa_size-petit","12":"pa_size-extra-large","13":"pa_size-tres-petit","14":"desktop-align-left","15":"tablet-align-left","16":"mobile-align-left","18":"first","19":"instock","20":"taxable","21":"shipping-taxable","22":"purchasable","23":"product-type-variable","24":"has-default-attributes"},"uagb_featured_image_src":{"full":["https:\/\/i0.wp.com\/www.boutiquemystik.com\/wp-content\/uploads\/2025\/04\/burst-pop-corn-top-black.webp?fit=1350%2C1800&ssl=1",1350,1800,false],"thumbnail":["https:\/\/i0.wp.com\/www.boutiquemystik.com\/wp-content\/uploads\/2025\/04\/burst-pop-corn-top-black.webp?resize=150%2C150&ssl=1",150,150,true],"medium":["https:\/\/i0.wp.com\/www.boutiquemystik.com\/wp-content\/uploads\/2025\/04\/burst-pop-corn-top-black.webp?fit=225%2C300&ssl=1",225,300,true],"medium_large":["https:\/\/i0.wp.com\/www.boutiquemystik.com\/wp-content\/uploads\/2025\/04\/burst-pop-corn-top-black.webp?fit=768%2C1024&ssl=1",768,1024,true],"large":["https:\/\/i0.wp.com\/www.boutiquemystik.com\/wp-content\/uploads\/2025\/04\/burst-pop-corn-top-black.webp?fit=768%2C1024&ssl=1",768,1024,true],"1536x1536":["https:\/\/i0.wp.com\/www.boutiquemystik.com\/wp-content\/uploads\/2025\/04\/burst-pop-corn-top-black.webp?fit=1152%2C1536&ssl=1",1152,1536,true],"2048x2048":["https:\/\/i0.wp.com\/www.boutiquemystik.com\/wp-content\/uploads\/2025\/04\/burst-pop-corn-top-black.webp?fit=1350%2C1800&ssl=1",1350,1800,true],"trp-custom-language-flag":["https:\/\/i0.wp.com\/www.boutiquemystik.com\/wp-content\/uploads\/2025\/04\/burst-pop-corn-top-black.webp?fit=9%2C12&ssl=1",9,12,true],"woocommerce_thumbnail":["https:\/\/i0.wp.com\/www.boutiquemystik.com\/wp-content\/uploads\/2025\/04\/burst-pop-corn-top-black.webp?fit=300%2C400&ssl=1",300,400,true],"woocommerce_single":["https:\/\/i0.wp.com\/www.boutiquemystik.com\/wp-content\/uploads\/2025\/04\/burst-pop-corn-top-black.webp?fit=600%2C800&ssl=1",600,800,true],"woocommerce_gallery_thumbnail":["https:\/\/i0.wp.com\/www.boutiquemystik.com\/wp-content\/uploads\/2025\/04\/burst-pop-corn-top-black.webp?resize=100%2C100&ssl=1",100,100,true],"variation_swatches_image_size":["https:\/\/i0.wp.com\/www.boutiquemystik.com\/wp-content\/uploads\/2025\/04\/burst-pop-corn-top-black.webp?resize=50%2C50&ssl=1",50,50,true],"variation_swatches_tooltip_size":["https:\/\/i0.wp.com\/www.boutiquemystik.com\/wp-content\/uploads\/2025\/04\/burst-pop-corn-top-black.webp?resize=100%2C100&ssl=1",100,100,true]},"uagb_author_info":{"display_name":"Boutique Mystik","author_link":"https:\/\/www.boutiquemystik.com\/fr\/author\/"},"uagb_comment_info":0,"uagb_excerpt":"No wardrobe is complete without soft, timeless, basic styles, perfect for any occasion and season.","jetpack_sharing_enabled":true,"_links":{"self":[{"href":"https:\/\/www.boutiquemystik.com\/fr\/wp-json\/wp\/v2\/product\/9040","targetHints":{"allow":["GET"]}}],"collection":[{"href":"https:\/\/www.boutiquemystik.com\/fr\/wp-json\/wp\/v2\/product"}],"about":[{"href":"https:\/\/www.boutiquemystik.com\/fr\/wp-json\/wp\/v2\/types\/product"}],"replies":[{"embeddable":true,"href":"https:\/\/www.boutiquemystik.com\/fr\/wp-json\/wp\/v2\/comments?post=9040"}],"wp:featuredmedia":[{"embeddable":true,"href":"https:\/\/www.boutiquemystik.com\/fr\/wp-json\/wp\/v2\/media\/9042"}],"wp:attachment":[{"href":"https:\/\/www.boutiquemystik.com\/fr\/wp-json\/wp\/v2\/media?parent=9040"}],"wp:term":[{"taxonomy":"product_brand","embeddable":true,"href":"https:\/\/www.boutiquemystik.com\/fr\/wp-json\/wp\/v2\/product_brand?post=9040"},{"taxonomy":"product_cat","embeddable":true,"href":"https:\/\/www.boutiquemystik.com\/fr\/wp-json\/wp\/v2\/product_cat?post=9040"},{"taxonomy":"product_tag","embeddable":true,"href":"https:\/\/www.boutiquemystik.com\/fr\/wp-json\/wp\/v2\/product_tag?post=9040"}],"curies":[{"name":"wp","href":"https:\/\/api.w.org\/{rel}","templated":true}]}}